{"id":233,"date":"2023-01-08T10:59:36","date_gmt":"2023-01-08T10:59:36","guid":{"rendered":"https:\/\/devsta.eu\/?page_id=233"},"modified":"2023-01-31T16:45:21","modified_gmt":"2023-01-31T16:45:21","slug":"pogoji-vracil","status":"publish","type":"page","link":"https:\/\/maskara.si\/hr\/pogoji-vracil\/","title":{"rendered":"Pogoji vra\u010dil"},"content":{"rendered":"<div data-elementor-type=\"wp-page\" data-elementor-id=\"233\" class=\"elementor elementor-233\" data-elementor-post-type=\"page\">\n\t\t\t\t\t\t<section class=\"elementor-section elementor-top-section elementor-element elementor-element-fbf5efd elementor-section-full_width elementor-section-height-default elementor-section-height-default\" data-id=\"fbf5efd\" data-element_type=\"section\">\n\t\t\t\t\t\t<div class=\"elementor-container elementor-column-gap-default\">\n\t\t\t\t\t<div class=\"elementor-column elementor-col-100 elementor-top-column elementor-element elementor-element-a7ad717\" data-id=\"a7ad717\" data-element_type=\"column\">\n\t\t\t<div class=\"elementor-widget-wrap elementor-element-populated\">\n\t\t\t\t\t\t<div class=\"elementor-element elementor-element-9af663f elementor-widget elementor-widget-heading\" data-id=\"9af663f\" data-element_type=\"widget\" data-widget_type=\"heading.default\">\n\t\t\t\t\t<h2 class=\"elementor-heading-title elementor-size-default\">Pogoji vra\u010dil<\/h2>\t\t\t\t<\/div>\n\t\t\t\t<div class=\"elementor-element elementor-element-5984ff8 elementor-widget elementor-widget-text-editor\" data-id=\"5984ff8\" data-element_type=\"widget\" data-widget_type=\"text-editor.default\">\n\t\t\t\t\t\t\t\t\t<p><span style=\"font-weight: 400;\">Potro\u0161nik (navedeno velja izklju\u010dno za fizi\u010dne osebe, ki pridobijo blago za namene izven svoje pridobitne dejavnosti) ima pravico, da <\/span><b>v 14 dneh od prevzema blaga podjetju<\/b><span style=\"font-weight: 400;\"> sporo\u010di (e-naslov: <\/span><span style=\"font-weight: 400;\">info@maskara.si<\/span><span style=\"font-weight: 400;\">, tel. \u0161tevilka: <\/span><span style=\"font-weight: 400;\">040 580 085<\/span><span style=\"font-weight: 400;\"> ali za pisno sporo\u010danje na naslov: MA\u0160KARA.SI, Sa\u0161ka Susman s.p.<\/span><span style=\"font-weight: 400;\">, Nahlikova ulica 9, Ljubljana, 1000 Ljubljana<\/span><span style=\"font-weight: 400;\">, da odstopa od pogodbe, ne da bi mu bilo treba navesti razlog za svojo odlo\u010ditev. Rok za\u010dne te\u010di en dan po datumu prevzema naro\u010denega artikla. Edini stro\u0161ek, ki bremeni potro\u0161nika v zvezi z odstopom od pogodbe, je stro\u0161ek vra\u010dila blaga (ki se v primeru po\u0161iljanja obra\u010dunava po ceniku dostavne slu\u017ebe in je odvisen od tega ali gre za po\u0161iljko\/paket\/tovor). Blago je potrebno vrniti prodajalcu najkasneje v roku 14 dni od oddanega sporo\u010dila o odstopu od pogodbe (nakupa).<\/span><\/p>\n<p><br><\/p>\t\t\t\t\t\t\t\t<\/div>\n\t\t\t\t\t<\/div>\n\t\t<\/div>\n\t\t\t\t\t<\/div>\n\t\t<\/section>\n\t\t\t\t<\/div>","protected":false},"excerpt":{"rendered":"<p>Pogoji vra\u010dil Potro\u0161nik (navedeno velja izklju\u010dno za fizi\u010dne osebe, ki pridobijo blago za namene izven svoje pridobitne dejavnosti) ima pravico, da v 14 dneh od prevzema blaga podjetju sporo\u010di (e-naslov: info@maskara.si, tel. \u0161tevilka: 040 580 085 ali za pisno sporo\u010danje na naslov: MA\u0160KARA.SI, Sa\u0161ka Susman s.p., Nahlikova ulica 9, Ljubljana, 1000 Ljubljana, da odstopa od [&hellip;]<\/p>","protected":false},"author":1,"featured_media":0,"parent":0,"menu_order":0,"comment_status":"closed","ping_status":"closed","template":"","meta":{"footnotes":""},"class_list":["post-233","page","type-page","status-publish","hentry"],"_links":{"self":[{"href":"https:\/\/maskara.si\/hr\/wp-json\/wp\/v2\/pages\/233","targetHints":{"allow":["GET"]}}],"collection":[{"href":"https:\/\/maskara.si\/hr\/wp-json\/wp\/v2\/pages"}],"about":[{"href":"https:\/\/maskara.si\/hr\/wp-json\/wp\/v2\/types\/page"}],"author":[{"embeddable":true,"href":"https:\/\/maskara.si\/hr\/wp-json\/wp\/v2\/users\/1"}],"replies":[{"embeddable":true,"href":"https:\/\/maskara.si\/hr\/wp-json\/wp\/v2\/comments?post=233"}],"version-history":[{"count":0,"href":"https:\/\/maskara.si\/hr\/wp-json\/wp\/v2\/pages\/233\/revisions"}],"wp:attachment":[{"href":"https:\/\/maskara.si\/hr\/wp-json\/wp\/v2\/media?parent=233"}],"curies":[{"name":"wp","href":"https:\/\/api.w.org\/{rel}","templated":true}]}}