{"id":240,"date":"2023-01-08T11:03:08","date_gmt":"2023-01-08T11:03:08","guid":{"rendered":"https:\/\/devsta.eu\/?page_id=240"},"modified":"2023-01-31T16:44:27","modified_gmt":"2023-01-31T16:44:27","slug":"pogoji-dostave","status":"publish","type":"page","link":"https:\/\/maskara.si\/hr\/pogoji-dostave\/","title":{"rendered":"Pogoji dostave"},"content":{"rendered":"<div data-elementor-type=\"wp-page\" data-elementor-id=\"240\" class=\"elementor elementor-240\" data-elementor-post-type=\"page\">\n\t\t\t\t\t\t<section class=\"elementor-section elementor-top-section elementor-element elementor-element-fbf5efd elementor-section-full_width elementor-section-height-default elementor-section-height-default\" data-id=\"fbf5efd\" data-element_type=\"section\">\n\t\t\t\t\t\t<div class=\"elementor-container elementor-column-gap-default\">\n\t\t\t\t\t<div class=\"elementor-column elementor-col-100 elementor-top-column elementor-element elementor-element-a7ad717\" data-id=\"a7ad717\" data-element_type=\"column\">\n\t\t\t<div class=\"elementor-widget-wrap elementor-element-populated\">\n\t\t\t\t\t\t<div class=\"elementor-element elementor-element-9af663f elementor-widget elementor-widget-heading\" data-id=\"9af663f\" data-element_type=\"widget\" data-widget_type=\"heading.default\">\n\t\t\t\t\t<h2 class=\"elementor-heading-title elementor-size-default\">Pogoji dostave<\/h2>\t\t\t\t<\/div>\n\t\t\t\t<div class=\"elementor-element elementor-element-5984ff8 elementor-widget elementor-widget-text-editor\" data-id=\"5984ff8\" data-element_type=\"widget\" data-widget_type=\"text-editor.default\">\n\t\t\t\t\t\t\t\t\t<h2><span style=\"font-weight: 400;\">Na\u010din in stro\u0161ek dostave ter obdelava naro\u010dila<\/span><\/h2><p><span style=\"font-weight: 400;\">Cena standardne dostave (na dom v 2-5 dni) paketa je <\/span><span style=\"font-weight: 400;\">3,95\u20ac<\/span><span style=\"font-weight: 400;\">.<\/span><\/p><p><span style=\"font-weight: 400;\">V primeru izbora to\u010dnega datuma dostave <\/span><span style=\"font-weight: 400;\">maskara.si<\/span><span style=\"font-weight: 400;\"> naro\u010dilo odpremi 1 dan pred izbranim datumom dostave in stranki po\u0161lje obvestilo o odpremi, <\/span><a href=\"https:\/\/www.posta.si\/zasebno\"><span style=\"font-weight: 400;\">Po\u0161ta Slovenije<\/span><\/a><span style=\"font-weight: 400;\"> ve\u010dino paketov dostavi \u017ee naslednji delovni dan po obvestilu o odpremi. V primeru izbire na\u010dina pla\u010dila z nakazilom na ra\u010dun podjetja MA\u0160KARA.SI, Sa\u0161ka Susman s.p.<\/span><span style=\"font-weight: 400;\">\u00a0(po ponudbi\/predra\u010dunu) se lahko dostava zamakne, saj gre naro\u010dilo naprej v proces obdelave po prejemu pla\u010dila po ponudbi\/predra\u010dunu.<\/span><\/p><p><span style=\"font-weight: 400;\">Po\u0161iljko lahko prevzamete osebno ali pa jo v va\u0161em imenu prevzame poobla\u0161\u010denec, zakoniti zastopnik ali skrbnik.<\/span><\/p><p><span style=\"font-weight: 400;\">\u010ce vas ob dostavi ni na navedenem naslovu, vam bo <\/span><span style=\"font-weight: 400;\">Po\u0161ta Slovenije<\/span><span style=\"font-weight: 400;\"> poslala sporo\u010dilo z navodili, kje lahko paket prevzamete oz. koga lahko kontaktirate, da vam paket ponovno dostavijo.<\/span><\/p><p><span style=\"font-weight: 400;\">Ra\u010dun za va\u0161e naro\u010dilo boste prejeli v roku 24 ur na va\u0161 e-mail naslov s katerim ste oddali spletno naro\u010dilo.<\/span><\/p><p><span style=\"font-weight: 400;\">Maskara.si<\/span><span style=\"font-weight: 400;\"> si pridr\u017euje pravico, da zaradi razli\u010dnih rokov dobave artiklov v naro\u010dilu, naro\u010dilo razdeli v ve\u010d po\u0161iljk. Naro\u010dene artikle vam v tem primeru dostavimo posami\u010dno v ve\u010d po\u0161iljkah.<\/span><\/p><p><b>Paket gre od nas v najhitrej\u0161em mo\u017enem \u010dasu<\/b><\/p><h2><span style=\"font-weight: 400;\">Dobavni roki<\/span><\/h2><p><span style=\"font-weight: 400;\">O morebitnih dalj\u0161ih dobavnih rokih oz. nedobavljivih artiklih vas bomo preko e-po\u0161te sproti obve\u0161\u010dali. V primeru, da vam dalj\u0161i dobavni rok ne ustreza, nam lahko to <\/span><b>sporo\u010dite<\/b><span style=\"font-weight: 400;\"> in artikel bomo odstranili iz naro\u010dila ali zamenjali z drugim.<\/span><\/p><p><span style=\"font-weight: 400;\">V kolikor vas ni bilo na naslovu za dostavo in ste prejeli obvestilo, da vas po\u0161iljka \u010daka na po\u0161ti, lahko kontaktirate naslovno po\u0161to, ki vam po\u0161iljko ponovno brezpla\u010dno dostavi.<\/span><\/p><p><span style=\"font-weight: 400;\">Zaradi razli\u010dnih dobavljivosti artiklov je naro\u010dilo lahko razdeljeno na ve\u010d odprem (po\u0161iljk). Lahko jih odpremimo delno ali vse hkrati.<\/span><\/p><p><span style=\"font-weight: 400;\">Maskara.si<\/span><span style=\"font-weight: 400;\"> si pridr\u017euje pravico, da zaradi razli\u010dnih rokov dobave artiklov v naro\u010dilu, naro\u010dilo razdeli v ve\u010d po\u0161iljk. Naro\u010dene artikle vam v tem primeru dostavimo posami\u010dno v ve\u010d po\u0161iljkah.<\/span><\/p><p><span style=\"font-weight: 400;\">Za artikle, ki so ozna\u010deni kot <\/span><b>Razprodano<\/b><span style=\"font-weight: 400;\">, nimamo podatka o tem, kako hitro jih lahko dobavimo. Ko bo artikel ponovno dobavljiv, vas bomo o tem obvestili preko e-po\u0161te.<\/span><\/p><p><span style=\"font-weight: 400;\">Za dostavo poskrbi <\/span><b>Po\u0161ta Slovenije<\/b><span style=\"font-weight: 400;\">, ve\u010dinoma naslednji delovni dan od dneva odpreme, vendar najkasneje <\/span><b>v roku treh delovnih dni<\/b><span style=\"font-weight: 400;\">. Ob odpremi po\u0161iljke vam bomo poslali obvestilo, da smo artikle \u017ee poslali na pot.<\/span><\/p><p><span style=\"font-weight: 400;\">Za vse dodatne informacije nas pokli\u010dite <\/span><span style=\"font-weight: 400;\">040 580 085<\/span> <span style=\"font-weight: 400;\">ali po\u0161ljite elektronsko po\u0161to.<\/span><\/p>\t\t\t\t\t\t\t\t<\/div>\n\t\t\t\t\t<\/div>\n\t\t<\/div>\n\t\t\t\t\t<\/div>\n\t\t<\/section>\n\t\t\t\t<\/div>","protected":false},"excerpt":{"rendered":"<p>Pogoji dostave Na\u010din in stro\u0161ek dostave ter obdelava naro\u010dila Cena standardne dostave (na dom v 2-5 dni) paketa je 3,95\u20ac. V primeru izbora to\u010dnega datuma dostave maskara.si naro\u010dilo odpremi 1 dan pred izbranim datumom dostave in stranki po\u0161lje obvestilo o odpremi, Po\u0161ta Slovenije ve\u010dino paketov dostavi \u017ee naslednji delovni dan po obvestilu o odpremi. V [&hellip;]<\/p>","protected":false},"author":1,"featured_media":0,"parent":0,"menu_order":0,"comment_status":"closed","ping_status":"closed","template":"","meta":{"footnotes":""},"class_list":["post-240","page","type-page","status-publish","hentry"],"_links":{"self":[{"href":"https:\/\/maskara.si\/hr\/wp-json\/wp\/v2\/pages\/240","targetHints":{"allow":["GET"]}}],"collection":[{"href":"https:\/\/maskara.si\/hr\/wp-json\/wp\/v2\/pages"}],"about":[{"href":"https:\/\/maskara.si\/hr\/wp-json\/wp\/v2\/types\/page"}],"author":[{"embeddable":true,"href":"https:\/\/maskara.si\/hr\/wp-json\/wp\/v2\/users\/1"}],"replies":[{"embeddable":true,"href":"https:\/\/maskara.si\/hr\/wp-json\/wp\/v2\/comments?post=240"}],"version-history":[{"count":0,"href":"https:\/\/maskara.si\/hr\/wp-json\/wp\/v2\/pages\/240\/revisions"}],"wp:attachment":[{"href":"https:\/\/maskara.si\/hr\/wp-json\/wp\/v2\/media?parent=240"}],"curies":[{"name":"wp","href":"https:\/\/api.w.org\/{rel}","templated":true}]}}