{"id":256,"date":"2023-01-08T11:20:50","date_gmt":"2023-01-08T11:20:50","guid":{"rendered":"https:\/\/devsta.eu\/?page_id=256"},"modified":"2023-01-08T11:22:13","modified_gmt":"2023-01-08T11:22:13","slug":"piskotki","status":"publish","type":"page","link":"https:\/\/maskara.si\/hr\/piskotki\/","title":{"rendered":"Pi\u0161kotki"},"content":{"rendered":"<div data-elementor-type=\"wp-page\" data-elementor-id=\"256\" class=\"elementor elementor-256\" data-elementor-post-type=\"page\">\n\t\t\t\t\t\t<section class=\"elementor-section elementor-top-section elementor-element elementor-element-fbf5efd elementor-section-full_width elementor-section-height-default elementor-section-height-default\" data-id=\"fbf5efd\" data-element_type=\"section\">\n\t\t\t\t\t\t<div class=\"elementor-container elementor-column-gap-default\">\n\t\t\t\t\t<div class=\"elementor-column elementor-col-100 elementor-top-column elementor-element elementor-element-a7ad717\" data-id=\"a7ad717\" data-element_type=\"column\">\n\t\t\t<div class=\"elementor-widget-wrap elementor-element-populated\">\n\t\t\t\t\t\t<div class=\"elementor-element elementor-element-9af663f elementor-widget elementor-widget-heading\" data-id=\"9af663f\" data-element_type=\"widget\" data-widget_type=\"heading.default\">\n\t\t\t\t\t<h2 class=\"elementor-heading-title elementor-size-default\">Pi\u0161kotki<\/h2>\t\t\t\t<\/div>\n\t\t\t\t<div class=\"elementor-element elementor-element-5984ff8 elementor-widget elementor-widget-text-editor\" data-id=\"5984ff8\" data-element_type=\"widget\" data-widget_type=\"text-editor.default\">\n\t\t\t\t\t\t\t\t\t<h3><b>O politiki pi\u0161kotkov<\/b><\/h3><p><span style=\"font-weight: 400;\">Ta pravilnik o pi\u0161kotkih pojasnjuje, kaj so pi\u0161kotki in kako jih uporabljamo, vrste pi\u0161kotkov, ki jih uporabljamo, tj. podatke, ki jih zbiramo s pi\u0161kotki, in kako se te informacije uporabljajo ter kako nadzirati nastavitve pi\u0161kotkov. Za dodatne informacije o tem, kako uporabljamo, shranjujemo in varujemo va\u0161e osebne podatke, glejte na\u0161 pravilnik o zasebnosti.<\/span><\/p><p><span style=\"font-weight: 400;\">Svoje soglasje iz izjave o pi\u0161kotkih na na\u0161em spletnem mestu lahko kadar koli spremenite ali prekli\u010dete.<\/span><\/p><p><span style=\"font-weight: 400;\">Ve\u010d o tem, kdo smo, kako lahko stopite v stik z nami in kako obdelujemo osebne podatke, preberite v na\u0161i politiki zasebnosti.<\/span><\/p><p><span style=\"font-weight: 400;\">Va\u0161e soglasje velja za naslednje domene: <\/span><span style=\"font-weight: 400;\">maskara.si<\/span><\/p><p><span style=\"font-weight: 400;\">Your current state: Consent accepted. <\/span><span style=\"font-weight: 400;\">Manage your consent.<\/span><\/p><h3><b>Kaj so pi\u0161kotki?<\/b><\/h3><p><span style=\"font-weight: 400;\">Pi\u0161kotki so majhne besedilne datoteke, ki se uporabljajo za shranjevanje majhnih informacij. Shranjeni so v va\u0161i napravi, ko je spletno mesto nalo\u017eeno v va\u0161em brskalniku. Ti pi\u0161kotki nam pomagajo, da spletno mesto deluje pravilno, da postane bolj varno, zagotavlja bolj\u0161o uporabni\u0161ko izku\u0161njo in razume, kako spletno mesto deluje, ter analizirati, kaj deluje in kje je treba izbolj\u0161ati.<\/span><\/p><h3><b>Kako uporabljamo pi\u0161kotke?<\/b><\/h3><p><span style=\"font-weight: 400;\">Kot ve\u010dina spletnih storitev tudi na\u0161a spletna stran uporablja pi\u0161kotke prve in tretje osebe za ve\u010d namenov. Lastni pi\u0161kotki so ve\u010dinoma potrebni za pravilno delovanje spletne strani in ne zbirajo nobenih va\u0161ih osebnih podatkov.<\/span><\/p><p><span style=\"font-weight: 400;\">Pi\u0161kotki tretjih oseb, ki se uporabljajo na na\u0161em spletnem mestu, so v glavnem namenjeni razumevanju delovanja spletnega mesta, interakciji z na\u0161im spletnim mestom, varovanju na\u0161ih storitev, zagotavljanju oglasov, ki so pomembni za vas, in na splo\u0161no vam zagotavljajo bolj\u0161ega in izbolj\u0161anega uporabnika. izku\u0161nje in pomagajo pospe\u0161iti va\u0161e<\/span><\/p><h3><b>Katere pi\u0161kotke uporabljamo?<\/b><\/h3><p><b>Nujni pi\u0161kotki:<\/b><span style=\"font-weight: 400;\"> Nekateri pi\u0161kotki so nujni, da lahko izkusite celotno funkcionalnost na\u0161ega spletnega mesta. Omogo\u010dajo nam vzdr\u017eevanje uporabni\u0161kih sej in prepre\u010devanje morebitnih varnostnih gro\u017eenj. Ne zbirajo in ne shranjujejo nobenih osebnih podatkov. <\/span><span style=\"font-weight: 400;\">Ti pi\u0161kotki vam na primer omogo\u010dajo, da se prijavite v svoj ra\u010dun in dodate izdelke v svojo ko\u0161arico ter varno opravite nakup.<\/span><\/p><p><b>Statisti\u010dni:<\/b><span style=\"font-weight: 400;\"> Ti pi\u0161kotki shranjujejo informacije, kot so \u0161tevilo obiskovalcev spletnega mesta, \u0161tevilo edinstvenih obiskovalcev, katere strani spletnega mesta so bile obiskane, vir obiska itd. <\/span><span style=\"font-weight: 400;\">Ti podatki nam pomagajo razumeti in analizirati, kako dobro deluje spletno mesto. in kjer je treba izbolj\u0161ati.<\/span><\/p><p><b>Ogla\u0161evalski:<\/b><span style=\"font-weight: 400;\"> Na\u0161a spletna stran prikazuje oglase. Ti pi\u0161kotki se uporabljajo za prilagajanje oglasov, ki vam jih prikazujemo, tako da so za vas pomembni. Ti pi\u0161kotki nam pomagajo tudi pri spremljanju u\u010dinkovitosti teh ogla\u0161evalskih akcij.<\/span><\/p><p><span style=\"font-weight: 400;\">Podatke, shranjene v teh pi\u0161kotkih, lahko uporabljajo tudi tretji ponudniki oglasov za prikazovanje oglasov tudi na drugih spletnih mestih v brskalniku.<\/span><\/p><p><b>Funkcionalni:<\/b><span style=\"font-weight: 400;\"> To so pi\u0161kotki, ki pomagajo nekaterim ne bistvenim funkcijam na na\u0161em spletnem mestu. Te funkcije vklju\u010dujejo vdelavo vsebine, kot so videoposnetki, ali deljenje vsebine spletnega mesta na platformah dru\u017ebenih medijev.<\/span><\/p><p><b>Nastavitve:<\/b><span style=\"font-weight: 400;\"> Ti pi\u0161kotki nam pomagajo shraniti va\u0161e nastavitve in nastavitve brskanja, kot so jezikovne nastavitve, da boste imeli bolj\u0161o in u\u010dinkovitej\u0161o izku\u0161njo ob prihodnjih obiskih spletnega mesta.<\/span><\/p><p><span style=\"font-weight: 400;\">Spodnji seznam vsebuje pi\u0161kotke.<\/span><\/p><table><tbody><tr><td><p><b>PI\u0160KOTEK<\/b><\/p><\/td><td><p><b>OPIS<\/b><\/p><\/td><\/tr><tr><td><p><span style=\"font-weight: 400;\">cookielawinfo-checkbox-analytics<\/span><\/p><\/td><td><p><span style=\"font-weight: 400;\">Ta pi\u0161kotek nastavi vti\u010dnik GDPR Cookie Consent. Pi\u0161kotek se uporablja za shranjevanje privolitve uporabnika za pi\u0161kotke v kategoriji \u00bbAnalitika\u00ab.<\/span><\/p><\/td><\/tr><tr><td><p><span style=\"font-weight: 400;\">cookielawinfo-checkbox-functional<\/span><\/p><\/td><td><p><span style=\"font-weight: 400;\">Pi\u0161kotek je nastavljen s soglasjem za pi\u0161kotke GDPR za bele\u017eenje privolitve uporabnika za pi\u0161kotke v kategoriji \u00bbFunkcionalni\u00ab.<\/span><\/p><\/td><\/tr><tr><td><p><span style=\"font-weight: 400;\">cookielawinfo-checkbox-necessary<\/span><\/p><\/td><td><p><span style=\"font-weight: 400;\">Ta pi\u0161kotek nastavi vti\u010dnik GDPR Cookie Consent. Pi\u0161kotki se uporabljajo za shranjevanje privolitve uporabnika za pi\u0161kotke v kategoriji \u201cPotrebni pi\u0161kotki\u201d.<\/span><\/p><\/td><\/tr><tr><td><p><span style=\"font-weight: 400;\">cookielawinfo-checkbox-others<\/span><\/p><\/td><td><p><span style=\"font-weight: 400;\">Ta pi\u0161kotek nastavi vti\u010dnik GDPR Cookie Consent. Pi\u0161kotek se uporablja za shranjevanje privolitve uporabnika za pi\u0161kotke v kategoriji \u00bbDrugo.<\/span><\/p><\/td><\/tr><tr><td><p><span style=\"font-weight: 400;\">cookielawinfo-checkbox-performance<\/span><\/p><\/td><td><p><span style=\"font-weight: 400;\">Ta pi\u0161kotek nastavi vti\u010dnik GDPR Cookie Consent. Pi\u0161kotek se uporablja za shranjevanje privolitve uporabnika za pi\u0161kotke v kategoriji \u00bbPi\u0161kotki uspe\u0161nosti\u00ab.<\/span><\/p><\/td><\/tr><tr><td><p><span style=\"font-weight: 400;\">viewed_cookie_policy<\/span><\/p><\/td><td><p><span style=\"font-weight: 400;\">The cookie is set by the GDPR Cookie Consent plugin and is used to store whether or not user has consented to the use of cookies. It does not store any personal data.<\/span><\/p><\/td><\/tr><\/tbody><\/table><h3><span style=\"font-weight: 400;\">Kako lahko nadzirate nastavitve pi\u0161kotkov?<\/span><\/h3><p><span style=\"font-weight: 400;\">\u010ce se odlo\u010dite, da boste pozneje med sejo brskanja spremenili svoje nastavitve, lahko na zaslonu kliknete zavihek \u00bbPolitika zasebnosti in pi\u0161kotkov\u00ab. To bo znova prikazalo obvestilo o soglasju, ki vam bo omogo\u010dilo, da spremenite svoje nastavitve ali v celoti umaknete soglasje.<\/span><\/p><p><span style=\"font-weight: 400;\">Poleg tega razli\u010dni brskalniki ponujajo razli\u010dne metode za blokiranje in brisanje pi\u0161kotkov, ki jih uporabljajo spletna mesta. Nastavitve brskalnika lahko spremenite tako, da blokirate\/izbri\u0161ete pi\u0161kotke. \u010ce \u017eelite izvedeti ve\u010d o upravljanju in brisanju pi\u0161kotkov, obi\u0161\u010dite <\/span><a href=\"http:\/\/wikipedia.org\/\"><span style=\"font-weight: 400;\">wikipedia.org<\/span><\/a><span style=\"font-weight: 400;\">, <\/span><a href=\"http:\/\/www.allaboutcookies.org\/\"><span style=\"font-weight: 400;\">www.allaboutcookies.org<\/span><\/a><span style=\"font-weight: 400;\">.<\/span><\/p>\t\t\t\t\t\t\t\t<\/div>\n\t\t\t\t\t<\/div>\n\t\t<\/div>\n\t\t\t\t\t<\/div>\n\t\t<\/section>\n\t\t\t\t<\/div>","protected":false},"excerpt":{"rendered":"<p>Pi\u0161kotki O politiki pi\u0161kotkov Ta pravilnik o pi\u0161kotkih pojasnjuje, kaj so pi\u0161kotki in kako jih uporabljamo, vrste pi\u0161kotkov, ki jih uporabljamo, tj. podatke, ki jih zbiramo s pi\u0161kotki, in kako se te informacije uporabljajo ter kako nadzirati nastavitve pi\u0161kotkov. Za dodatne informacije o tem, kako uporabljamo, shranjujemo in varujemo va\u0161e osebne podatke, glejte na\u0161 pravilnik [&hellip;]<\/p>","protected":false},"author":1,"featured_media":0,"parent":0,"menu_order":0,"comment_status":"closed","ping_status":"closed","template":"","meta":{"footnotes":""},"class_list":["post-256","page","type-page","status-publish","hentry"],"_links":{"self":[{"href":"https:\/\/maskara.si\/hr\/wp-json\/wp\/v2\/pages\/256","targetHints":{"allow":["GET"]}}],"collection":[{"href":"https:\/\/maskara.si\/hr\/wp-json\/wp\/v2\/pages"}],"about":[{"href":"https:\/\/maskara.si\/hr\/wp-json\/wp\/v2\/types\/page"}],"author":[{"embeddable":true,"href":"https:\/\/maskara.si\/hr\/wp-json\/wp\/v2\/users\/1"}],"replies":[{"embeddable":true,"href":"https:\/\/maskara.si\/hr\/wp-json\/wp\/v2\/comments?post=256"}],"version-history":[{"count":0,"href":"https:\/\/maskara.si\/hr\/wp-json\/wp\/v2\/pages\/256\/revisions"}],"wp:attachment":[{"href":"https:\/\/maskara.si\/hr\/wp-json\/wp\/v2\/media?parent=256"}],"curies":[{"name":"wp","href":"https:\/\/api.w.org\/{rel}","templated":true}]}}