{"id":41,"date":"2023-01-06T11:55:46","date_gmt":"2023-01-06T11:55:46","guid":{"rendered":"https:\/\/devsta.eu\/?page_id=41"},"modified":"2025-01-16T09:26:19","modified_gmt":"2025-01-16T09:26:19","slug":"o-nas","status":"publish","type":"page","link":"https:\/\/maskara.si\/hr\/o-nas\/","title":{"rendered":"O nas"},"content":{"rendered":"<div data-elementor-type=\"wp-page\" data-elementor-id=\"41\" class=\"elementor elementor-41\" data-elementor-post-type=\"page\">\n\t\t\t\t\t\t<section class=\"elementor-section elementor-top-section elementor-element elementor-element-dd3ecd5 elementor-section-full_width elementor-section-height-default elementor-section-height-default\" data-id=\"dd3ecd5\" data-element_type=\"section\">\n\t\t\t\t\t\t<div class=\"elementor-container elementor-column-gap-default\">\n\t\t\t\t\t<div class=\"elementor-column elementor-col-100 elementor-top-column elementor-element elementor-element-20770ce\" data-id=\"20770ce\" data-element_type=\"column\">\n\t\t\t<div class=\"elementor-widget-wrap elementor-element-populated\">\n\t\t\t\t\t\t<div class=\"elementor-element elementor-element-b165c09 elementor-widget elementor-widget-heading\" data-id=\"b165c09\" data-element_type=\"widget\" data-widget_type=\"heading.default\">\n\t\t\t\t\t<h2 class=\"elementor-heading-title elementor-size-default\">O nas<\/h2>\t\t\t\t<\/div>\n\t\t\t\t<div class=\"elementor-element elementor-element-377a1f4 elementor-widget elementor-widget-text-editor\" data-id=\"377a1f4\" data-element_type=\"widget\" data-widget_type=\"text-editor.default\">\n\t\t\t\t\t\t\t\t\t<p>Maskara.si je spletna trgovina, ki je nastala v \u017eelji po tem, da bi se izbolj\u0161ala ponudba ma\u0161kar v slovenskem prostoru.<\/p><p>Na\u0161e ma\u0161kare so kvalitetne, udobne in raznolike, tako da zadovoljijo \u010disto vsak okus.<\/p><p>Izbirate lahko med kostumi za odrasle in otroke, prav tako pa imamo na voljo tudi obrazne maske, s katerimi izstopate na zabavi!<\/p>\t\t\t\t\t\t\t\t<\/div>\n\t\t\t\t\t<\/div>\n\t\t<\/div>\n\t\t\t\t\t<\/div>\n\t\t<\/section>\n\t\t\t\t<section class=\"elementor-section elementor-top-section elementor-element elementor-element-af4e88b elementor-section-full_width elementor-section-height-default elementor-section-height-default\" data-id=\"af4e88b\" data-element_type=\"section\" data-settings=\"{&quot;background_background&quot;:&quot;classic&quot;}\">\n\t\t\t\t\t\t<div class=\"elementor-container elementor-column-gap-default\">\n\t\t\t\t\t<div class=\"elementor-column elementor-col-33 elementor-top-column elementor-element elementor-element-ac0df58\" data-id=\"ac0df58\" data-element_type=\"column\">\n\t\t\t<div class=\"elementor-widget-wrap elementor-element-populated\">\n\t\t\t\t\t\t<div class=\"elementor-element elementor-element-e8f68bd elementor-position-top elementor-widget elementor-widget-image-box\" data-id=\"e8f68bd\" data-element_type=\"widget\" data-widget_type=\"image-box.default\">\n\t\t\t\t\t<div class=\"elementor-image-box-wrapper\"><figure class=\"elementor-image-box-img\"><img fetchpriority=\"high\" decoding=\"async\" width=\"1080\" height=\"1080\" src=\"https:\/\/maskara.si\/wp-content\/uploads\/2023\/01\/21-1.png\" class=\"attachment-full size-full wp-image-294\" alt=\"\" srcset=\"https:\/\/maskara.si\/wp-content\/uploads\/2023\/01\/21-1.png 1080w, https:\/\/maskara.si\/wp-content\/uploads\/2023\/01\/21-1-300x300.png 300w, https:\/\/maskara.si\/wp-content\/uploads\/2023\/01\/21-1-100x100.png 100w, https:\/\/maskara.si\/wp-content\/uploads\/2023\/01\/21-1-600x600.png 600w, https:\/\/maskara.si\/wp-content\/uploads\/2023\/01\/21-1-1024x1024.png 1024w, https:\/\/maskara.si\/wp-content\/uploads\/2023\/01\/21-1-150x150.png 150w, https:\/\/maskara.si\/wp-content\/uploads\/2023\/01\/21-1-768x768.png 768w, https:\/\/maskara.si\/wp-content\/uploads\/2023\/01\/21-1-12x12.png 12w\" sizes=\"(max-width: 1080px) 100vw, 1080px\" \/><\/figure><div class=\"elementor-image-box-content\"><h3 class=\"elementor-image-box-title\">Hitra dostava<\/h3><p class=\"elementor-image-box-description\">\n<\/p><\/div><\/div>\t\t\t\t<\/div>\n\t\t\t\t\t<\/div>\n\t\t<\/div>\n\t\t\t\t<div class=\"elementor-column elementor-col-33 elementor-top-column elementor-element elementor-element-93da7ba\" data-id=\"93da7ba\" data-element_type=\"column\">\n\t\t\t<div class=\"elementor-widget-wrap elementor-element-populated\">\n\t\t\t\t\t\t<div class=\"elementor-element elementor-element-38e0608 elementor-position-top elementor-widget elementor-widget-image-box\" data-id=\"38e0608\" data-element_type=\"widget\" data-widget_type=\"image-box.default\">\n\t\t\t\t\t<div class=\"elementor-image-box-wrapper\"><figure class=\"elementor-image-box-img\"><img decoding=\"async\" width=\"1080\" height=\"1080\" src=\"https:\/\/maskara.si\/wp-content\/uploads\/2023\/01\/22-1.png\" class=\"attachment-full size-full wp-image-295\" alt=\"\" srcset=\"https:\/\/maskara.si\/wp-content\/uploads\/2023\/01\/22-1.png 1080w, https:\/\/maskara.si\/wp-content\/uploads\/2023\/01\/22-1-300x300.png 300w, https:\/\/maskara.si\/wp-content\/uploads\/2023\/01\/22-1-100x100.png 100w, https:\/\/maskara.si\/wp-content\/uploads\/2023\/01\/22-1-600x600.png 600w, https:\/\/maskara.si\/wp-content\/uploads\/2023\/01\/22-1-1024x1024.png 1024w, https:\/\/maskara.si\/wp-content\/uploads\/2023\/01\/22-1-150x150.png 150w, https:\/\/maskara.si\/wp-content\/uploads\/2023\/01\/22-1-768x768.png 768w, https:\/\/maskara.si\/wp-content\/uploads\/2023\/01\/22-1-12x12.png 12w\" sizes=\"(max-width: 1080px) 100vw, 1080px\" \/><\/figure><div class=\"elementor-image-box-content\"><h3 class=\"elementor-image-box-title\">Kakovost<\/h3><p class=\"elementor-image-box-description\">\n<\/p><\/div><\/div>\t\t\t\t<\/div>\n\t\t\t\t\t<\/div>\n\t\t<\/div>\n\t\t\t\t<div class=\"elementor-column elementor-col-33 elementor-top-column elementor-element elementor-element-dee866e\" data-id=\"dee866e\" data-element_type=\"column\">\n\t\t\t<div class=\"elementor-widget-wrap elementor-element-populated\">\n\t\t\t\t\t\t<div class=\"elementor-element elementor-element-5e7b2b7 elementor-position-top elementor-widget elementor-widget-image-box\" data-id=\"5e7b2b7\" data-element_type=\"widget\" data-widget_type=\"image-box.default\">\n\t\t\t\t\t<div class=\"elementor-image-box-wrapper\"><figure class=\"elementor-image-box-img\"><img decoding=\"async\" width=\"1080\" height=\"1080\" src=\"https:\/\/maskara.si\/wp-content\/uploads\/2023\/01\/23-1.png\" class=\"attachment-full size-full wp-image-296\" alt=\"\" srcset=\"https:\/\/maskara.si\/wp-content\/uploads\/2023\/01\/23-1.png 1080w, https:\/\/maskara.si\/wp-content\/uploads\/2023\/01\/23-1-300x300.png 300w, https:\/\/maskara.si\/wp-content\/uploads\/2023\/01\/23-1-100x100.png 100w, https:\/\/maskara.si\/wp-content\/uploads\/2023\/01\/23-1-600x600.png 600w, https:\/\/maskara.si\/wp-content\/uploads\/2023\/01\/23-1-1024x1024.png 1024w, https:\/\/maskara.si\/wp-content\/uploads\/2023\/01\/23-1-150x150.png 150w, https:\/\/maskara.si\/wp-content\/uploads\/2023\/01\/23-1-768x768.png 768w, https:\/\/maskara.si\/wp-content\/uploads\/2023\/01\/23-1-12x12.png 12w\" sizes=\"(max-width: 1080px) 100vw, 1080px\" \/><\/figure><div class=\"elementor-image-box-content\"><h3 class=\"elementor-image-box-title\">Velika izbira<\/h3><p class=\"elementor-image-box-description\">\n<\/p><\/div><\/div>\t\t\t\t<\/div>\n\t\t\t\t\t<\/div>\n\t\t<\/div>\n\t\t\t\t\t<\/div>\n\t\t<\/section>\n\t\t\t\t<section class=\"elementor-section elementor-top-section elementor-element elementor-element-efad0be elementor-section-full_width elementor-section-height-default elementor-section-height-default\" data-id=\"efad0be\" data-element_type=\"section\" data-settings=\"{&quot;background_background&quot;:&quot;classic&quot;}\">\n\t\t\t\t\t\t<div class=\"elementor-container elementor-column-gap-default\">\n\t\t\t\t\t<div class=\"elementor-column elementor-col-100 elementor-top-column elementor-element elementor-element-40a2bdd\" data-id=\"40a2bdd\" data-element_type=\"column\">\n\t\t\t<div class=\"elementor-widget-wrap elementor-element-populated\">\n\t\t\t\t\t\t<div class=\"elementor-element elementor-element-dcc512e elementor-widget elementor-widget-heading\" data-id=\"dcc512e\" data-element_type=\"widget\" data-widget_type=\"heading.default\">\n\t\t\t\t\t<h2 class=\"elementor-heading-title elementor-size-default\">Maske za vsakogar<\/h2>\t\t\t\t<\/div>\n\t\t\t\t<section class=\"elementor-section elementor-inner-section elementor-element elementor-element-0bd3f12 elementor-section-boxed elementor-section-height-default elementor-section-height-default\" data-id=\"0bd3f12\" data-element_type=\"section\">\n\t\t\t\t\t\t<div class=\"elementor-container elementor-column-gap-default\">\n\t\t\t\t\t<div class=\"elementor-column elementor-col-33 elementor-inner-column elementor-element elementor-element-627e056\" data-id=\"627e056\" data-element_type=\"column\">\n\t\t\t<div class=\"elementor-widget-wrap elementor-element-populated\">\n\t\t\t\t\t\t<div class=\"elementor-element elementor-element-9f96bfe elementor-cta--skin-cover elementor-cta--valign-middle elementor-animated-content elementor-bg-transform elementor-bg-transform-zoom-in elementor-widget elementor-widget-call-to-action\" data-id=\"9f96bfe\" data-element_type=\"widget\" data-widget_type=\"call-to-action.default\">\n\t\t\t\t\t\t\t<a class=\"elementor-cta\" href=\"https:\/\/maskara.si\/hr\/Product-category\/kostumi\/kostumi-za-odrasle\/\">\n\t\t\t\t\t<div class=\"elementor-cta__bg-wrapper\">\n\t\t\t\t<div class=\"elementor-cta__bg elementor-bg\" style=\"background-image: url(https:\/\/maskara.si\/wp-content\/uploads\/2023\/01\/devsta-products.jpg);\" role=\"img\" aria-label=\"odrasli kostumi\"><\/div>\n\t\t\t\t<div class=\"elementor-cta__bg-overlay\"><\/div>\n\t\t\t<\/div>\n\t\t\t\t\t\t\t<div class=\"elementor-cta__content\">\n\t\t\t\t\n\t\t\t\t\t\t\t\t\t<h2 class=\"elementor-cta__title elementor-cta__content-item elementor-content-item elementor-animated-item--grow\">\n\t\t\t\t\t\tKostumi za odrasle\t\t\t\t\t<\/h2>\n\t\t\t\t\n\t\t\t\t\n\t\t\t\t\t\t\t<\/div>\n\t\t\t\t\t\t<\/a>\n\t\t\t\t\t\t<\/div>\n\t\t\t\t\t<\/div>\n\t\t<\/div>\n\t\t\t\t<div class=\"elementor-column elementor-col-33 elementor-inner-column elementor-element elementor-element-aba5b4a\" data-id=\"aba5b4a\" data-element_type=\"column\">\n\t\t\t<div class=\"elementor-widget-wrap elementor-element-populated\">\n\t\t\t\t\t\t<div class=\"elementor-element elementor-element-7980749 elementor-cta--skin-cover elementor-cta--valign-middle elementor-animated-content elementor-bg-transform elementor-bg-transform-zoom-in elementor-widget elementor-widget-call-to-action\" data-id=\"7980749\" data-element_type=\"widget\" data-widget_type=\"call-to-action.default\">\n\t\t\t\t\t\t\t<a class=\"elementor-cta\" href=\"https:\/\/maskara.si\/hr\/Product-category\/kostumi\/pustni-dodatki\/\">\n\t\t\t\t\t<div class=\"elementor-cta__bg-wrapper\">\n\t\t\t\t<div class=\"elementor-cta__bg elementor-bg\" style=\"background-image: url(https:\/\/maskara.si\/wp-content\/uploads\/2023\/01\/devsta-products-2.jpg);\" role=\"img\" aria-label=\"pustne maske\"><\/div>\n\t\t\t\t<div class=\"elementor-cta__bg-overlay\"><\/div>\n\t\t\t<\/div>\n\t\t\t\t\t\t\t<div class=\"elementor-cta__content\">\n\t\t\t\t\n\t\t\t\t\t\t\t\t\t<h2 class=\"elementor-cta__title elementor-cta__content-item elementor-content-item elementor-animated-item--grow\">\n\t\t\t\t\t\tPustni dodatki\t\t\t\t\t<\/h2>\n\t\t\t\t\n\t\t\t\t\n\t\t\t\t\t\t\t<\/div>\n\t\t\t\t\t\t<\/a>\n\t\t\t\t\t\t<\/div>\n\t\t\t\t\t<\/div>\n\t\t<\/div>\n\t\t\t\t<div class=\"elementor-column elementor-col-33 elementor-inner-column elementor-element elementor-element-e78a3c6\" data-id=\"e78a3c6\" data-element_type=\"column\">\n\t\t\t<div class=\"elementor-widget-wrap elementor-element-populated\">\n\t\t\t\t\t\t<div class=\"elementor-element elementor-element-79bcc3c elementor-cta--skin-cover elementor-cta--valign-middle elementor-animated-content elementor-bg-transform elementor-bg-transform-zoom-in elementor-widget elementor-widget-call-to-action\" data-id=\"79bcc3c\" data-element_type=\"widget\" data-widget_type=\"call-to-action.default\">\n\t\t\t\t\t\t\t<a class=\"elementor-cta\" href=\"https:\/\/maskara.si\/hr\/Product-category\/kostumi\/kostumi-za-otroke\/\">\n\t\t\t\t\t<div class=\"elementor-cta__bg-wrapper\">\n\t\t\t\t<div class=\"elementor-cta__bg elementor-bg\" style=\"background-image: url(https:\/\/maskara.si\/wp-content\/uploads\/2023\/01\/devsta-products-1.jpg);\" role=\"img\" aria-label=\"otroski kostumi\"><\/div>\n\t\t\t\t<div class=\"elementor-cta__bg-overlay\"><\/div>\n\t\t\t<\/div>\n\t\t\t\t\t\t\t<div class=\"elementor-cta__content\">\n\t\t\t\t\n\t\t\t\t\t\t\t\t\t<h2 class=\"elementor-cta__title elementor-cta__content-item elementor-content-item elementor-animated-item--grow\">\n\t\t\t\t\t\tKostumi za otroke\t\t\t\t\t<\/h2>\n\t\t\t\t\n\t\t\t\t\n\t\t\t\t\t\t\t<\/div>\n\t\t\t\t\t\t<\/a>\n\t\t\t\t\t\t<\/div>\n\t\t\t\t\t<\/div>\n\t\t<\/div>\n\t\t\t\t\t<\/div>\n\t\t<\/section>\n\t\t\t\t\t<\/div>\n\t\t<\/div>\n\t\t\t\t\t<\/div>\n\t\t<\/section>\n\t\t\t\t<\/div>","protected":false},"excerpt":{"rendered":"<p>O nas Maskara.si je spletna trgovina, ki je nastala v \u017eelji po tem, da bi se izbolj\u0161ala ponudba ma\u0161kar v slovenskem prostoru. Na\u0161e ma\u0161kare so kvalitetne, udobne in raznolike, tako da zadovoljijo \u010disto vsak okus. Izbirate lahko med kostumi za odrasle in otroke, prav tako pa imamo na voljo tudi obrazne maske, s katerimi izstopate [&hellip;]<\/p>","protected":false},"author":1,"featured_media":0,"parent":0,"menu_order":0,"comment_status":"closed","ping_status":"closed","template":"","meta":{"footnotes":""},"class_list":["post-41","page","type-page","status-publish","hentry"],"_links":{"self":[{"href":"https:\/\/maskara.si\/hr\/wp-json\/wp\/v2\/pages\/41","targetHints":{"allow":["GET"]}}],"collection":[{"href":"https:\/\/maskara.si\/hr\/wp-json\/wp\/v2\/pages"}],"about":[{"href":"https:\/\/maskara.si\/hr\/wp-json\/wp\/v2\/types\/page"}],"author":[{"embeddable":true,"href":"https:\/\/maskara.si\/hr\/wp-json\/wp\/v2\/users\/1"}],"replies":[{"embeddable":true,"href":"https:\/\/maskara.si\/hr\/wp-json\/wp\/v2\/comments?post=41"}],"version-history":[{"count":3,"href":"https:\/\/maskara.si\/hr\/wp-json\/wp\/v2\/pages\/41\/revisions"}],"predecessor-version":[{"id":16132,"href":"https:\/\/maskara.si\/hr\/wp-json\/wp\/v2\/pages\/41\/revisions\/16132"}],"wp:attachment":[{"href":"https:\/\/maskara.si\/hr\/wp-json\/wp\/v2\/media?parent=41"}],"curies":[{"name":"wp","href":"https:\/\/api.w.org\/{rel}","templated":true}]}}