{"id":15646,"date":"2025-01-09T12:16:38","date_gmt":"2025-01-09T12:16:38","guid":{"rendered":"https:\/\/maskara.si\/?post_type=product&#038;p=15646"},"modified":"2025-02-26T14:14:34","modified_gmt":"2025-02-26T14:14:34","slug":"skodrana-dolga-blond-lasulja","status":"publish","type":"product","link":"https:\/\/maskara.si\/hr\/product\/skodrana-dolga-blond-lasulja\/","title":{"rendered":"Skodrana dolga blond lasulja"},"content":{"rendered":"<p>Lasulja s skodranimi dolgimi blond lasmi, ki ustvarjajo eleganten in dramati\u010den videz. Lasulja je idealna za tiste, ki \u017eelijo dodati volumen in teksturo svojim lasem ter je odli\u010dna izbira za posebne prilo\u017enosti ali pustne zabave.<\/p>","protected":false},"excerpt":{"rendered":"<p>Lasulja s skodranimi dolgimi blond lasmi, ki ustvarjajo eleganten in dramati\u010den videz. Lasulja je idealna za tiste, ki \u017eelijo dodati volumen in teksturo svojim lasem ter je odli\u010dna izbira za posebne prilo\u017enosti ali pustne zabave.<\/p>","protected":false},"featured_media":15647,"template":"","meta":[],"product_cat":[172,324],"product_tag":[331,330],"class_list":{"0":"post-15646","1":"product","2":"type-product","3":"status-publish","4":"has-post-thumbnail","6":"product_cat-kostumi","7":"product_cat-pustni-dodatki","8":"product_tag-blond","9":"product_tag-lasulje","11":"first","12":"instock","13":"taxable","14":"shipping-taxable","15":"purchasable","16":"product-type-simple"},"_links":{"self":[{"href":"https:\/\/maskara.si\/hr\/wp-json\/wp\/v2\/product\/15646","targetHints":{"allow":["GET"]}}],"collection":[{"href":"https:\/\/maskara.si\/hr\/wp-json\/wp\/v2\/product"}],"about":[{"href":"https:\/\/maskara.si\/hr\/wp-json\/wp\/v2\/types\/product"}],"wp:featuredmedia":[{"embeddable":true,"href":"https:\/\/maskara.si\/hr\/wp-json\/wp\/v2\/media\/15647"}],"wp:attachment":[{"href":"https:\/\/maskara.si\/hr\/wp-json\/wp\/v2\/media?parent=15646"}],"wp:term":[{"taxonomy":"product_cat","embeddable":true,"href":"https:\/\/maskara.si\/hr\/wp-json\/wp\/v2\/product_cat?post=15646"},{"taxonomy":"product_tag","embeddable":true,"href":"https:\/\/maskara.si\/hr\/wp-json\/wp\/v2\/product_tag?post=15646"}],"curies":[{"name":"wp","href":"https:\/\/api.w.org\/{rel}","templated":true}]}}