{"id":15648,"date":"2025-01-09T12:25:20","date_gmt":"2025-01-09T12:25:20","guid":{"rendered":"https:\/\/maskara.si\/?post_type=product&#038;p=15648"},"modified":"2025-02-13T09:59:38","modified_gmt":"2025-02-13T09:59:38","slug":"lasulja-afro","status":"publish","type":"product","link":"https:\/\/maskara.si\/hr\/product\/lasulja-afro\/","title":{"rendered":"Lasulja Afro"},"content":{"rendered":"<p>Lasulja v stilu afro frizure v rjavi barvi, ki ponuja polno in voluminozno teksturo. Lasulja je popolna za tiste, ki \u017eelijo dose\u010di zna\u010dilno afro frizuro, ki izstopa in pritegne pozornost, ter je odli\u010dna izbira za tematske zabave ali pustne preobleke.<\/p>","protected":false},"excerpt":{"rendered":"<p>Lasulja v stilu afro frizure v rjavi barvi, ki ponuja polno in voluminozno teksturo. Lasulja je popolna za tiste, ki \u017eelijo dose\u010di zna\u010dilno afro frizuro, ki izstopa in pritegne pozornost, ter je odli\u010dna izbira za tematske zabave ali pustne preobleke.<\/p>","protected":false},"featured_media":15649,"template":"","meta":[],"product_cat":[172,324],"product_tag":[346,330,229],"class_list":{"0":"post-15648","1":"product","2":"type-product","3":"status-publish","4":"has-post-thumbnail","6":"product_cat-kostumi","7":"product_cat-pustni-dodatki","8":"product_tag-afro","9":"product_tag-lasulje","10":"product_tag-rjava","12":"first","13":"outofstock","14":"taxable","15":"shipping-taxable","16":"purchasable","17":"product-type-simple"},"_links":{"self":[{"href":"https:\/\/maskara.si\/hr\/wp-json\/wp\/v2\/product\/15648","targetHints":{"allow":["GET"]}}],"collection":[{"href":"https:\/\/maskara.si\/hr\/wp-json\/wp\/v2\/product"}],"about":[{"href":"https:\/\/maskara.si\/hr\/wp-json\/wp\/v2\/types\/product"}],"wp:featuredmedia":[{"embeddable":true,"href":"https:\/\/maskara.si\/hr\/wp-json\/wp\/v2\/media\/15649"}],"wp:attachment":[{"href":"https:\/\/maskara.si\/hr\/wp-json\/wp\/v2\/media?parent=15648"}],"wp:term":[{"taxonomy":"product_cat","embeddable":true,"href":"https:\/\/maskara.si\/hr\/wp-json\/wp\/v2\/product_cat?post=15648"},{"taxonomy":"product_tag","embeddable":true,"href":"https:\/\/maskara.si\/hr\/wp-json\/wp\/v2\/product_tag?post=15648"}],"curies":[{"name":"wp","href":"https:\/\/api.w.org\/{rel}","templated":true}]}}