{"id":15652,"date":"2025-01-09T12:40:49","date_gmt":"2025-01-09T12:40:49","guid":{"rendered":"https:\/\/maskara.si\/?post_type=product&#038;p=15652"},"modified":"2025-02-13T09:55:34","modified_gmt":"2025-02-13T09:55:34","slug":"lasulja-za-piratko-s-trakom","status":"publish","type":"product","link":"https:\/\/maskara.si\/hr\/product\/lasulja-za-piratko-s-trakom\/","title":{"rendered":"Lasulja za piratko s trakom"},"content":{"rendered":"<p>Lasulja za piratko v rjavi barvi z dolgimi, ravnimi lasmi, ki doda drznost in avanturisti\u010den pridih. Lasulja vklju\u010duje tudi trak za glavo, kar omogo\u010da popoln piratski videz. Idealna je za tematske zabave, pustne kostume ali vse, ki \u017eelijo popestriti svoj videz s kan\u010dkom piratskega sloga.<\/p>","protected":false},"excerpt":{"rendered":"<p>Lasulja za piratko v rjavi barvi z dolgimi, ravnimi lasmi, ki doda drznost in avanturisti\u010den pridih. Lasulja vklju\u010duje tudi trak za glavo, kar omogo\u010da popoln piratski videz. Idealna je za tematske zabave, pustne kostume ali vse, ki \u017eelijo popestriti svoj videz s kan\u010dkom piratskega sloga.<\/p>","protected":false},"featured_media":15653,"template":"","meta":[],"product_cat":[172,324],"product_tag":[330,229],"class_list":{"0":"post-15652","1":"product","2":"type-product","3":"status-publish","4":"has-post-thumbnail","6":"product_cat-kostumi","7":"product_cat-pustni-dodatki","8":"product_tag-lasulje","9":"product_tag-rjava","11":"first","12":"outofstock","13":"taxable","14":"shipping-taxable","15":"purchasable","16":"product-type-simple"},"_links":{"self":[{"href":"https:\/\/maskara.si\/hr\/wp-json\/wp\/v2\/product\/15652","targetHints":{"allow":["GET"]}}],"collection":[{"href":"https:\/\/maskara.si\/hr\/wp-json\/wp\/v2\/product"}],"about":[{"href":"https:\/\/maskara.si\/hr\/wp-json\/wp\/v2\/types\/product"}],"wp:featuredmedia":[{"embeddable":true,"href":"https:\/\/maskara.si\/hr\/wp-json\/wp\/v2\/media\/15653"}],"wp:attachment":[{"href":"https:\/\/maskara.si\/hr\/wp-json\/wp\/v2\/media?parent=15652"}],"wp:term":[{"taxonomy":"product_cat","embeddable":true,"href":"https:\/\/maskara.si\/hr\/wp-json\/wp\/v2\/product_cat?post=15652"},{"taxonomy":"product_tag","embeddable":true,"href":"https:\/\/maskara.si\/hr\/wp-json\/wp\/v2\/product_tag?post=15652"}],"curies":[{"name":"wp","href":"https:\/\/api.w.org\/{rel}","templated":true}]}}