{"id":15742,"date":"2025-01-10T20:48:35","date_gmt":"2025-01-10T20:48:35","guid":{"rendered":"https:\/\/maskara.si\/?post_type=product&#038;p=15742"},"modified":"2025-10-06T14:38:57","modified_gmt":"2025-10-06T14:38:57","slug":"rdeci-nos-za-klovna","status":"publish","type":"product","link":"https:\/\/maskara.si\/hr\/product\/rdeci-nos-za-klovna\/","title":{"rendered":"Rde\u010di nos za klovna"},"content":{"rendered":"<p>Rde\u010d nos za klovna, ki je enostaven za no\u0161enje in popoln za ustvarjanje klasi\u010dnega klovnovskega videza.<\/p>","protected":false},"excerpt":{"rendered":"<p>Rde\u010d nos za klovna, ki je enostaven za no\u0161enje in popoln za ustvarjanje klasi\u010dnega klovnovskega videza.<\/p>","protected":false},"featured_media":15743,"template":"","meta":[],"product_cat":[172,324],"product_tag":[207,348,189],"class_list":{"0":"post-15742","1":"product","2":"type-product","3":"status-publish","4":"has-post-thumbnail","6":"product_cat-kostumi","7":"product_cat-pustni-dodatki","8":"product_tag-klovn","9":"product_tag-nos","10":"product_tag-rdeca","12":"first","13":"instock","14":"taxable","15":"shipping-taxable","16":"purchasable","17":"product-type-simple"},"_links":{"self":[{"href":"https:\/\/maskara.si\/hr\/wp-json\/wp\/v2\/product\/15742","targetHints":{"allow":["GET"]}}],"collection":[{"href":"https:\/\/maskara.si\/hr\/wp-json\/wp\/v2\/product"}],"about":[{"href":"https:\/\/maskara.si\/hr\/wp-json\/wp\/v2\/types\/product"}],"wp:featuredmedia":[{"embeddable":true,"href":"https:\/\/maskara.si\/hr\/wp-json\/wp\/v2\/media\/15743"}],"wp:attachment":[{"href":"https:\/\/maskara.si\/hr\/wp-json\/wp\/v2\/media?parent=15742"}],"wp:term":[{"taxonomy":"product_cat","embeddable":true,"href":"https:\/\/maskara.si\/hr\/wp-json\/wp\/v2\/product_cat?post=15742"},{"taxonomy":"product_tag","embeddable":true,"href":"https:\/\/maskara.si\/hr\/wp-json\/wp\/v2\/product_tag?post=15742"}],"curies":[{"name":"wp","href":"https:\/\/api.w.org\/{rel}","templated":true}]}}