{"id":15744,"date":"2025-01-10T21:10:36","date_gmt":"2025-01-10T21:10:36","guid":{"rendered":"https:\/\/maskara.si\/?post_type=product&#038;p=15744"},"modified":"2025-02-13T10:01:27","modified_gmt":"2025-02-13T10:01:27","slug":"maska-in-tipalke-za-pikapolonico","status":"publish","type":"product","link":"https:\/\/maskara.si\/hr\/product\/maska-in-tipalke-za-pikapolonico\/","title":{"rendered":"Maska in tipalke za pikapolonico"},"content":{"rendered":"<p>Komplet pikapolonice vklju\u010duje rde\u010da tipala z majhnimi kroglicami in masko \u010dez o\u010di, ki dopolni igriv videz. Bolj primerna za otro\u0161ke kostume.<\/p>","protected":false},"excerpt":{"rendered":"<p>Komplet pikapolonice vklju\u010duje rde\u010da tipala z majhnimi kroglicami in masko \u010dez o\u010di, ki dopolni igriv videz. Bolj primerna za otro\u0161ke kostume.<\/p>","protected":false},"featured_media":15746,"template":"","meta":[],"product_cat":[172,324],"product_tag":[183,189,194,223],"class_list":{"0":"post-15744","1":"product","2":"type-product","3":"status-publish","4":"has-post-thumbnail","6":"product_cat-kostumi","7":"product_cat-pustni-dodatki","8":"product_tag-pikapolonica","9":"product_tag-rdeca","10":"product_tag-tipalke","11":"product_tag-trak","13":"first","14":"outofstock","15":"taxable","16":"shipping-taxable","17":"purchasable","18":"product-type-simple"},"_links":{"self":[{"href":"https:\/\/maskara.si\/hr\/wp-json\/wp\/v2\/product\/15744","targetHints":{"allow":["GET"]}}],"collection":[{"href":"https:\/\/maskara.si\/hr\/wp-json\/wp\/v2\/product"}],"about":[{"href":"https:\/\/maskara.si\/hr\/wp-json\/wp\/v2\/types\/product"}],"wp:featuredmedia":[{"embeddable":true,"href":"https:\/\/maskara.si\/hr\/wp-json\/wp\/v2\/media\/15746"}],"wp:attachment":[{"href":"https:\/\/maskara.si\/hr\/wp-json\/wp\/v2\/media?parent=15744"}],"wp:term":[{"taxonomy":"product_cat","embeddable":true,"href":"https:\/\/maskara.si\/hr\/wp-json\/wp\/v2\/product_cat?post=15744"},{"taxonomy":"product_tag","embeddable":true,"href":"https:\/\/maskara.si\/hr\/wp-json\/wp\/v2\/product_tag?post=15744"}],"curies":[{"name":"wp","href":"https:\/\/api.w.org\/{rel}","templated":true}]}}