{"id":15862,"date":"2025-01-12T11:02:13","date_gmt":"2025-01-12T11:02:13","guid":{"rendered":"https:\/\/maskara.si\/?post_type=product&#038;p=15862"},"modified":"2025-02-24T12:54:24","modified_gmt":"2025-02-24T12:54:24","slug":"otroski-mini-pustni-kostum-levcek","status":"publish","type":"product","link":"https:\/\/maskara.si\/hr\/product\/otroski-mini-pustni-kostum-levcek\/","title":{"rendered":"Otro\u0161ki mini pustni kostum lev\u010dek"},"content":{"rendered":"<p>Prisr\u010den pustni kostum priznanega proizvajalca Ciao, znanega po svojih originalnih licen\u010dnih in visoko kakovostnih izdelkih. Kostum predstavlja ljubkega lev\u010dka, malega kralja \u017eivali, ki o\u010dara s svojim mehkim videzom in simpati\u010dno grivo. Idealen za vse male pustolovce!<\/p>","protected":false},"excerpt":{"rendered":"<p>Prisr\u010den pustni kostum priznanega proizvajalca Ciao, znanega po svojih originalnih licen\u010dnih in visoko kakovostnih izdelkih. Kostum predstavlja ljubkega lev\u010dka, malega kralja \u017eivali, ki o\u010dara s svojim mehkim videzom in simpati\u010dno grivo. Idealen za vse male pustolovce!<\/p>","protected":false},"featured_media":15863,"template":"","meta":[],"product_cat":[172,173],"product_tag":[203,354,196,229],"class_list":{"0":"post-15862","1":"product","2":"type-product","3":"status-publish","4":"has-post-thumbnail","6":"product_cat-kostumi","7":"product_cat-kostumi-za-otroke","8":"product_tag-dojencki","9":"product_tag-levcek","10":"product_tag-otroci","11":"product_tag-rjava","13":"first","14":"outofstock","15":"taxable","16":"shipping-taxable","17":"purchasable","18":"product-type-variable"},"_links":{"self":[{"href":"https:\/\/maskara.si\/hr\/wp-json\/wp\/v2\/product\/15862","targetHints":{"allow":["GET"]}}],"collection":[{"href":"https:\/\/maskara.si\/hr\/wp-json\/wp\/v2\/product"}],"about":[{"href":"https:\/\/maskara.si\/hr\/wp-json\/wp\/v2\/types\/product"}],"wp:featuredmedia":[{"embeddable":true,"href":"https:\/\/maskara.si\/hr\/wp-json\/wp\/v2\/media\/15863"}],"wp:attachment":[{"href":"https:\/\/maskara.si\/hr\/wp-json\/wp\/v2\/media?parent=15862"}],"wp:term":[{"taxonomy":"product_cat","embeddable":true,"href":"https:\/\/maskara.si\/hr\/wp-json\/wp\/v2\/product_cat?post=15862"},{"taxonomy":"product_tag","embeddable":true,"href":"https:\/\/maskara.si\/hr\/wp-json\/wp\/v2\/product_tag?post=15862"}],"curies":[{"name":"wp","href":"https:\/\/api.w.org\/{rel}","templated":true}]}}