{"id":15879,"date":"2025-01-12T11:31:02","date_gmt":"2025-01-12T11:31:02","guid":{"rendered":"https:\/\/maskara.si\/?post_type=product&#038;p=15879"},"modified":"2025-02-24T12:53:48","modified_gmt":"2025-02-24T12:53:48","slug":"otroci-mini-pustni-kostum-tom","status":"publish","type":"product","link":"https:\/\/maskara.si\/hr\/product\/otroci-mini-pustni-kostum-tom\/","title":{"rendered":"Otroci mini pustni kostum Tom"},"content":{"rendered":"<p>Kostum priznane blagovne znamke Ciao, ki je znana po svojih originalnih licen\u010dnih in vrhunsko kakovostnih izdelkih, predstavlja Toma, simpati\u010dnega ma\u010dka iz priljubljene risanke Tom &amp; Jerry. Odli\u010dna izbira za ljubitelje klasi\u010dnih animiranih junakov!<\/p>","protected":false},"excerpt":{"rendered":"<p>Kostum priznane blagovne znamke Ciao, ki je znana po svojih originalnih licen\u010dnih in vrhunsko kakovostnih izdelkih, predstavlja Toma, simpati\u010dnega ma\u010dka iz priljubljene risanke Tom &amp; Jerry. Odli\u010dna izbira za ljubitelje klasi\u010dnih animiranih junakov!<\/p>","protected":false},"featured_media":15880,"template":"","meta":[],"product_cat":[172,173],"product_tag":[203,196,265,359,360],"class_list":{"0":"post-15879","1":"product","2":"type-product","3":"status-publish","4":"has-post-thumbnail","6":"product_cat-kostumi","7":"product_cat-kostumi-za-otroke","8":"product_tag-dojencki","9":"product_tag-otroci","10":"product_tag-siva","11":"product_tag-tom","12":"product_tag-tomjerry","14":"first","15":"outofstock","16":"taxable","17":"shipping-taxable","18":"purchasable","19":"product-type-variable"},"_links":{"self":[{"href":"https:\/\/maskara.si\/hr\/wp-json\/wp\/v2\/product\/15879","targetHints":{"allow":["GET"]}}],"collection":[{"href":"https:\/\/maskara.si\/hr\/wp-json\/wp\/v2\/product"}],"about":[{"href":"https:\/\/maskara.si\/hr\/wp-json\/wp\/v2\/types\/product"}],"wp:featuredmedia":[{"embeddable":true,"href":"https:\/\/maskara.si\/hr\/wp-json\/wp\/v2\/media\/15880"}],"wp:attachment":[{"href":"https:\/\/maskara.si\/hr\/wp-json\/wp\/v2\/media?parent=15879"}],"wp:term":[{"taxonomy":"product_cat","embeddable":true,"href":"https:\/\/maskara.si\/hr\/wp-json\/wp\/v2\/product_cat?post=15879"},{"taxonomy":"product_tag","embeddable":true,"href":"https:\/\/maskara.si\/hr\/wp-json\/wp\/v2\/product_tag?post=15879"}],"curies":[{"name":"wp","href":"https:\/\/api.w.org\/{rel}","templated":true}]}}