{"id":15883,"date":"2025-01-12T11:35:59","date_gmt":"2025-01-12T11:35:59","guid":{"rendered":"https:\/\/maskara.si\/?post_type=product&#038;p=15883"},"modified":"2025-02-24T12:53:42","modified_gmt":"2025-02-24T12:53:42","slug":"otroski-mini-pustni-kostum-jerry","status":"publish","type":"product","link":"https:\/\/maskara.si\/hr\/product\/otroski-mini-pustni-kostum-jerry\/","title":{"rendered":"Otro\u0161ki mini pustni kostum Jerry"},"content":{"rendered":"<p>Kostum iz kolekcije priznane blagovne znamke Ciao, ki proizvaja originalne licen\u010dne in visokokakovostne kostume, prina\u0161a lik Jerryja, prikupnega in premetenega mi\u0161ka iz kultne risanke Tom &amp; Jerry. Kot nala\u0161\u010d za vse obo\u017eevalce teh nepozabnih risanih dogodiv\u0161\u010din!<\/p>","protected":false},"excerpt":{"rendered":"<p>Kostum iz kolekcije priznane blagovne znamke Ciao, ki proizvaja originalne licen\u010dne in visokokakovostne kostume, prina\u0161a lik Jerryja, prikupnega in premetenega mi\u0161ka iz kultne risanke Tom &amp; Jerry. Kot nala\u0161\u010d za vse obo\u017eevalce teh nepozabnih risanih dogodiv\u0161\u010din!<\/p>","protected":false},"featured_media":15884,"template":"","meta":[],"product_cat":[172,173],"product_tag":[203,361,196,229,360],"class_list":{"0":"post-15883","1":"product","2":"type-product","3":"status-publish","4":"has-post-thumbnail","6":"product_cat-kostumi","7":"product_cat-kostumi-za-otroke","8":"product_tag-dojencki","9":"product_tag-jerry","10":"product_tag-otroci","11":"product_tag-rjava","12":"product_tag-tomjerry","14":"first","15":"outofstock","16":"taxable","17":"shipping-taxable","18":"purchasable","19":"product-type-variable"},"_links":{"self":[{"href":"https:\/\/maskara.si\/hr\/wp-json\/wp\/v2\/product\/15883","targetHints":{"allow":["GET"]}}],"collection":[{"href":"https:\/\/maskara.si\/hr\/wp-json\/wp\/v2\/product"}],"about":[{"href":"https:\/\/maskara.si\/hr\/wp-json\/wp\/v2\/types\/product"}],"wp:featuredmedia":[{"embeddable":true,"href":"https:\/\/maskara.si\/hr\/wp-json\/wp\/v2\/media\/15884"}],"wp:attachment":[{"href":"https:\/\/maskara.si\/hr\/wp-json\/wp\/v2\/media?parent=15883"}],"wp:term":[{"taxonomy":"product_cat","embeddable":true,"href":"https:\/\/maskara.si\/hr\/wp-json\/wp\/v2\/product_cat?post=15883"},{"taxonomy":"product_tag","embeddable":true,"href":"https:\/\/maskara.si\/hr\/wp-json\/wp\/v2\/product_tag?post=15883"}],"curies":[{"name":"wp","href":"https:\/\/api.w.org\/{rel}","templated":true}]}}