{"id":15891,"date":"2025-01-12T11:59:10","date_gmt":"2025-01-12T11:59:10","guid":{"rendered":"https:\/\/maskara.si\/?post_type=product&#038;p=15891"},"modified":"2025-02-24T12:53:30","modified_gmt":"2025-02-24T12:53:30","slug":"otroski-pustni-kostum-smrkec","status":"publish","type":"product","link":"https:\/\/maskara.si\/hr\/product\/otroski-pustni-kostum-smrkec\/","title":{"rendered":"Otro\u0161ki pustni kostum Smrkec"},"content":{"rendered":"<p>Kostum Smrkca je idealen za vse, ki obo\u017eujejo to majhno risanko. S kakovostjo Ciao, ki proizvaja originalne licen\u010dne kostume, bo va\u0161 otrok v tem kostumu prava zvezda vsake zabave.<\/p>","protected":false},"excerpt":{"rendered":"<p>Kostum Smrkca je idealen za vse, ki obo\u017eujejo to majhno risanko. S kakovostjo Ciao, ki proizvaja originalne licen\u010dne kostume, bo va\u0161 otrok v tem kostumu prava zvezda vsake zabave.<\/p>","protected":false},"featured_media":15892,"template":"","meta":[],"product_cat":[172,173],"product_tag":[221,199,196,366],"class_list":{"0":"post-15891","1":"product","2":"type-product","3":"status-publish","4":"has-post-thumbnail","6":"product_cat-kostumi","7":"product_cat-kostumi-za-otroke","8":"product_tag-bela","9":"product_tag-modra","10":"product_tag-otroci","11":"product_tag-smrkec","13":"first","14":"outofstock","15":"taxable","16":"shipping-taxable","17":"purchasable","18":"product-type-variable"},"_links":{"self":[{"href":"https:\/\/maskara.si\/hr\/wp-json\/wp\/v2\/product\/15891","targetHints":{"allow":["GET"]}}],"collection":[{"href":"https:\/\/maskara.si\/hr\/wp-json\/wp\/v2\/product"}],"about":[{"href":"https:\/\/maskara.si\/hr\/wp-json\/wp\/v2\/types\/product"}],"wp:featuredmedia":[{"embeddable":true,"href":"https:\/\/maskara.si\/hr\/wp-json\/wp\/v2\/media\/15892"}],"wp:attachment":[{"href":"https:\/\/maskara.si\/hr\/wp-json\/wp\/v2\/media?parent=15891"}],"wp:term":[{"taxonomy":"product_cat","embeddable":true,"href":"https:\/\/maskara.si\/hr\/wp-json\/wp\/v2\/product_cat?post=15891"},{"taxonomy":"product_tag","embeddable":true,"href":"https:\/\/maskara.si\/hr\/wp-json\/wp\/v2\/product_tag?post=15891"}],"curies":[{"name":"wp","href":"https:\/\/api.w.org\/{rel}","templated":true}]}}