{"id":15895,"date":"2025-01-12T12:03:33","date_gmt":"2025-01-12T12:03:33","guid":{"rendered":"https:\/\/maskara.si\/?post_type=product&#038;p=15895"},"modified":"2025-02-24T12:53:25","modified_gmt":"2025-02-24T12:53:25","slug":"otroski-pustni-kostum-smrketa","status":"publish","type":"product","link":"https:\/\/maskara.si\/hr\/product\/otroski-pustni-kostum-smrketa\/","title":{"rendered":"Otro\u0161ki pustni kostum Smrketa"},"content":{"rendered":"<p>Kostum Smrketa je popoln za otroke, ki \u017eelijo postati del sveta Smrkcev. Izdelan je s strani priznane znamke Ciao, ki proizvaja originalne licen\u010dne in izredno kakovostne kostume. Zasnovan za pustne zabave in tematske dogodke, bo va\u0161 otrok zagotovo pritegnil poglede.<\/p>","protected":false},"excerpt":{"rendered":"<p>Kostum Smrketa je popoln za otroke, ki \u017eelijo postati del sveta Smrkcev. Izdelan je s strani priznane znamke Ciao, ki proizvaja originalne licen\u010dne in izredno kakovostne kostume. Zasnovan za pustne zabave in tematske dogodke, bo va\u0161 otrok zagotovo pritegnil poglede.<\/p>","protected":false},"featured_media":15896,"template":"","meta":[],"product_cat":[172,173],"product_tag":[221,199,196,367],"class_list":{"0":"post-15895","1":"product","2":"type-product","3":"status-publish","4":"has-post-thumbnail","6":"product_cat-kostumi","7":"product_cat-kostumi-za-otroke","8":"product_tag-bela","9":"product_tag-modra","10":"product_tag-otroci","11":"product_tag-smrketa","13":"first","14":"outofstock","15":"taxable","16":"shipping-taxable","17":"purchasable","18":"product-type-variable"},"_links":{"self":[{"href":"https:\/\/maskara.si\/hr\/wp-json\/wp\/v2\/product\/15895","targetHints":{"allow":["GET"]}}],"collection":[{"href":"https:\/\/maskara.si\/hr\/wp-json\/wp\/v2\/product"}],"about":[{"href":"https:\/\/maskara.si\/hr\/wp-json\/wp\/v2\/types\/product"}],"wp:featuredmedia":[{"embeddable":true,"href":"https:\/\/maskara.si\/hr\/wp-json\/wp\/v2\/media\/15896"}],"wp:attachment":[{"href":"https:\/\/maskara.si\/hr\/wp-json\/wp\/v2\/media?parent=15895"}],"wp:term":[{"taxonomy":"product_cat","embeddable":true,"href":"https:\/\/maskara.si\/hr\/wp-json\/wp\/v2\/product_cat?post=15895"},{"taxonomy":"product_tag","embeddable":true,"href":"https:\/\/maskara.si\/hr\/wp-json\/wp\/v2\/product_tag?post=15895"}],"curies":[{"name":"wp","href":"https:\/\/api.w.org\/{rel}","templated":true}]}}