{"id":15899,"date":"2025-01-12T12:14:24","date_gmt":"2025-01-12T12:14:24","guid":{"rendered":"https:\/\/maskara.si\/?post_type=product&#038;p=15899"},"modified":"2025-02-24T12:53:19","modified_gmt":"2025-02-24T12:53:19","slug":"otroski-pustni-kostum-bron","status":"publish","type":"product","link":"https:\/\/maskara.si\/hr\/product\/otroski-pustni-kostum-bron\/","title":{"rendered":"Otro\u0161ki pustni kostum Bron"},"content":{"rendered":"<p>Kostum Bron iz serije Ta\u010dke na patrulji je popolna izbira za vse otroke, ki obo\u017eujejo ta priljubljeni animirani svet. Kostum je izdelan s strani priznane znamke Ciao, ki proizvaja originalne licen\u010dne in izredno kakovostne kostume. Zasnovan je za udobje in zabavo, va\u0161 otrok pa bo v njem videti kot pravi \u010dlan Ta\u010dk na patrulji.<\/p>","protected":false},"excerpt":{"rendered":"<p>Kostum Bron iz serije Ta\u010dke na patrulji je popolna izbira za vse otroke, ki obo\u017eujejo ta priljubljeni animirani svet. Kostum je izdelan s strani priznane znamke Ciao, ki proizvaja originalne licen\u010dne in izredno kakovostne kostume. Zasnovan je za udobje in zabavo, va\u0161 otrok pa bo v njem videti kot pravi \u010dlan Ta\u010dk na patrulji.<\/p>","protected":false},"featured_media":15900,"template":"","meta":[],"product_cat":[172,173],"product_tag":[368,199,196,373],"class_list":{"0":"post-15899","1":"product","2":"type-product","3":"status-publish","4":"has-post-thumbnail","6":"product_cat-kostumi","7":"product_cat-kostumi-za-otroke","8":"product_tag-bron","9":"product_tag-modra","10":"product_tag-otroci","11":"product_tag-tacke-na-patrulji","13":"first","14":"outofstock","15":"taxable","16":"shipping-taxable","17":"purchasable","18":"product-type-variable"},"_links":{"self":[{"href":"https:\/\/maskara.si\/hr\/wp-json\/wp\/v2\/product\/15899","targetHints":{"allow":["GET"]}}],"collection":[{"href":"https:\/\/maskara.si\/hr\/wp-json\/wp\/v2\/product"}],"about":[{"href":"https:\/\/maskara.si\/hr\/wp-json\/wp\/v2\/types\/product"}],"wp:featuredmedia":[{"embeddable":true,"href":"https:\/\/maskara.si\/hr\/wp-json\/wp\/v2\/media\/15900"}],"wp:attachment":[{"href":"https:\/\/maskara.si\/hr\/wp-json\/wp\/v2\/media?parent=15899"}],"wp:term":[{"taxonomy":"product_cat","embeddable":true,"href":"https:\/\/maskara.si\/hr\/wp-json\/wp\/v2\/product_cat?post=15899"},{"taxonomy":"product_tag","embeddable":true,"href":"https:\/\/maskara.si\/hr\/wp-json\/wp\/v2\/product_tag?post=15899"}],"curies":[{"name":"wp","href":"https:\/\/api.w.org\/{rel}","templated":true}]}}