{"id":15903,"date":"2025-01-12T12:19:51","date_gmt":"2025-01-12T12:19:51","guid":{"rendered":"https:\/\/maskara.si\/?post_type=product&#038;p=15903"},"modified":"2025-02-24T12:53:12","modified_gmt":"2025-02-24T12:53:12","slug":"otroski-pustni-kostum-marsal","status":"publish","type":"product","link":"https:\/\/maskara.si\/hr\/product\/otroski-pustni-kostum-marsal\/","title":{"rendered":"Otro\u0161ki pustni kostum Mar\u0161al"},"content":{"rendered":"<p>Kostum Mar\u0161ala iz serije Ta\u010dke na patrulji je izvrstna izbira za vse otroke, ki obo\u017eujejo to priljubljeno animirano serijo. Kostum je izdelan s strani priznane znamke Ciao, ki je znana po svoji izdelavi originalnih licen\u010dnih in izredno kakovostnih kostumov. Zasnovan za udobje in dolgotrajno igro, bo va\u0161 otrok v tem kostumu izgledal kot pravi pogumni re\u0161evalec iz Ta\u010dk na patrulji.<\/p>","protected":false},"excerpt":{"rendered":"<p>Kostum Mar\u0161ala iz serije Ta\u010dke na patrulji je izvrstna izbira za vse otroke, ki obo\u017eujejo to priljubljeno animirano serijo. Kostum je izdelan s strani priznane znamke Ciao, ki je znana po svoji izdelavi originalnih licen\u010dnih in izredno kakovostnih kostumov. Zasnovan za udobje in dolgotrajno igro, bo va\u0161 otrok v tem kostumu izgledal kot pravi pogumni [&hellip;]<\/p>","protected":false},"featured_media":15904,"template":"","meta":[],"product_cat":[172,173],"product_tag":[371,370,196,189,373],"class_list":{"0":"post-15903","1":"product","2":"type-product","3":"status-publish","4":"has-post-thumbnail","6":"product_cat-kostumi","7":"product_cat-kostumi-za-otroke","8":"product_tag-marsal","9":"product_tag-marshall","10":"product_tag-otroci","11":"product_tag-rdeca","12":"product_tag-tacke-na-patrulji","14":"first","15":"outofstock","16":"taxable","17":"shipping-taxable","18":"purchasable","19":"product-type-variable"},"_links":{"self":[{"href":"https:\/\/maskara.si\/hr\/wp-json\/wp\/v2\/product\/15903","targetHints":{"allow":["GET"]}}],"collection":[{"href":"https:\/\/maskara.si\/hr\/wp-json\/wp\/v2\/product"}],"about":[{"href":"https:\/\/maskara.si\/hr\/wp-json\/wp\/v2\/types\/product"}],"wp:featuredmedia":[{"embeddable":true,"href":"https:\/\/maskara.si\/hr\/wp-json\/wp\/v2\/media\/15904"}],"wp:attachment":[{"href":"https:\/\/maskara.si\/hr\/wp-json\/wp\/v2\/media?parent=15903"}],"wp:term":[{"taxonomy":"product_cat","embeddable":true,"href":"https:\/\/maskara.si\/hr\/wp-json\/wp\/v2\/product_cat?post=15903"},{"taxonomy":"product_tag","embeddable":true,"href":"https:\/\/maskara.si\/hr\/wp-json\/wp\/v2\/product_tag?post=15903"}],"curies":[{"name":"wp","href":"https:\/\/api.w.org\/{rel}","templated":true}]}}