{"id":15907,"date":"2025-01-12T12:25:34","date_gmt":"2025-01-12T12:25:34","guid":{"rendered":"https:\/\/maskara.si\/?post_type=product&#038;p=15907"},"modified":"2025-02-24T12:53:04","modified_gmt":"2025-02-24T12:53:04","slug":"otroski-pustni-kostum-ninja-zelva-2","status":"publish","type":"product","link":"https:\/\/maskara.si\/hr\/product\/otroski-pustni-kostum-ninja-zelva-2\/","title":{"rendered":"Otro\u0161ki pustni kostum Ninja \u017delva"},"content":{"rendered":"<p>Kostum Ninja \u017eelve je idealna izbira za vse mlade obo\u017eevalce te legendarne animirane serije. Izdelan je s strani priznane znamke Ciao, ki je znana po svojih originalnih licen\u010dnih in izredno kakovostnih kostumih. Kostum je udoben in popoln za pustno zabavo, saj otroku omogo\u010da, da se v trenutku prelevi v eno izmed najbolj priljubljenih Ninja \u017eelv.<\/p>","protected":false},"excerpt":{"rendered":"<p>Kostum Ninja \u017eelve je idealna izbira za vse mlade obo\u017eevalce te legendarne animirane serije. Izdelan je s strani priznane znamke Ciao, ki je znana po svojih originalnih licen\u010dnih in izredno kakovostnih kostumih. Kostum je udoben in popoln za pustno zabavo, saj otroku omogo\u010da, da se v trenutku prelevi v eno izmed najbolj priljubljenih Ninja \u017eelv.<\/p>","protected":false},"featured_media":15908,"template":"","meta":[],"product_cat":[172,173],"product_tag":[271,196,191],"class_list":{"0":"post-15907","1":"product","2":"type-product","3":"status-publish","4":"has-post-thumbnail","6":"product_cat-kostumi","7":"product_cat-kostumi-za-otroke","8":"product_tag-ninja-zelva","9":"product_tag-otroci","10":"product_tag-zelena","12":"first","13":"outofstock","14":"taxable","15":"shipping-taxable","16":"purchasable","17":"product-type-variable"},"_links":{"self":[{"href":"https:\/\/maskara.si\/hr\/wp-json\/wp\/v2\/product\/15907","targetHints":{"allow":["GET"]}}],"collection":[{"href":"https:\/\/maskara.si\/hr\/wp-json\/wp\/v2\/product"}],"about":[{"href":"https:\/\/maskara.si\/hr\/wp-json\/wp\/v2\/types\/product"}],"wp:featuredmedia":[{"embeddable":true,"href":"https:\/\/maskara.si\/hr\/wp-json\/wp\/v2\/media\/15908"}],"wp:attachment":[{"href":"https:\/\/maskara.si\/hr\/wp-json\/wp\/v2\/media?parent=15907"}],"wp:term":[{"taxonomy":"product_cat","embeddable":true,"href":"https:\/\/maskara.si\/hr\/wp-json\/wp\/v2\/product_cat?post=15907"},{"taxonomy":"product_tag","embeddable":true,"href":"https:\/\/maskara.si\/hr\/wp-json\/wp\/v2\/product_tag?post=15907"}],"curies":[{"name":"wp","href":"https:\/\/api.w.org\/{rel}","templated":true}]}}