{"id":15915,"date":"2025-01-12T13:11:54","date_gmt":"2025-01-12T13:11:54","guid":{"rendered":"https:\/\/maskara.si\/?post_type=product&#038;p=15915"},"modified":"2025-02-24T12:52:50","modified_gmt":"2025-02-24T12:52:50","slug":"otroski-pustni-kostum-pujsa-pepa","status":"publish","type":"product","link":"https:\/\/maskara.si\/hr\/product\/otroski-pustni-kostum-pujsa-pepa\/","title":{"rendered":"Otro\u0161ki pustni kostum Pujsa Pepa"},"content":{"rendered":"<p>Kostum Pujsa Pepa je odli\u010den izbor za vse ljubitelje tega priljubljenega junaka. Izdelan je s strani priznane znamke Ciao, ki proizvaja licen\u010dne in kakovostne kostume. Udoben in zabaven, bo va\u0161emu otroku omogo\u010dil, da postane simpati\u010dni Pujsa Pepa.<\/p>","protected":false},"excerpt":{"rendered":"<p>Kostum Pujsa Pepa je odli\u010den izbor za vse ljubitelje tega priljubljenega junaka. Izdelan je s strani priznane znamke Ciao, ki proizvaja licen\u010dne in kakovostne kostume. Udoben in zabaven, bo va\u0161emu otroku omogo\u010dil, da postane simpati\u010dni Pujsa Pepa.<\/p>","protected":false},"featured_media":15916,"template":"","meta":[],"product_cat":[172,173],"product_tag":[196,374,189,188],"class_list":{"0":"post-15915","1":"product","2":"type-product","3":"status-publish","4":"has-post-thumbnail","6":"product_cat-kostumi","7":"product_cat-kostumi-za-otroke","8":"product_tag-otroci","9":"product_tag-pujsa-pepa","10":"product_tag-rdeca","11":"product_tag-roza","13":"first","14":"outofstock","15":"taxable","16":"shipping-taxable","17":"purchasable","18":"product-type-variable"},"_links":{"self":[{"href":"https:\/\/maskara.si\/hr\/wp-json\/wp\/v2\/product\/15915","targetHints":{"allow":["GET"]}}],"collection":[{"href":"https:\/\/maskara.si\/hr\/wp-json\/wp\/v2\/product"}],"about":[{"href":"https:\/\/maskara.si\/hr\/wp-json\/wp\/v2\/types\/product"}],"wp:featuredmedia":[{"embeddable":true,"href":"https:\/\/maskara.si\/hr\/wp-json\/wp\/v2\/media\/15916"}],"wp:attachment":[{"href":"https:\/\/maskara.si\/hr\/wp-json\/wp\/v2\/media?parent=15915"}],"wp:term":[{"taxonomy":"product_cat","embeddable":true,"href":"https:\/\/maskara.si\/hr\/wp-json\/wp\/v2\/product_cat?post=15915"},{"taxonomy":"product_tag","embeddable":true,"href":"https:\/\/maskara.si\/hr\/wp-json\/wp\/v2\/product_tag?post=15915"}],"curies":[{"name":"wp","href":"https:\/\/api.w.org\/{rel}","templated":true}]}}