{"id":15919,"date":"2025-01-12T13:28:07","date_gmt":"2025-01-12T13:28:07","guid":{"rendered":"https:\/\/maskara.si\/?post_type=product&#038;p=15919"},"modified":"2025-02-24T12:52:45","modified_gmt":"2025-02-24T12:52:45","slug":"otroski-pustni-kostum-pika-nogavicka-2","status":"publish","type":"product","link":"https:\/\/maskara.si\/hr\/product\/otroski-pustni-kostum-pika-nogavicka-2\/","title":{"rendered":"Otro\u0161ki pustni kostum Pika Nogavi\u010dka"},"content":{"rendered":"<p>Kostum Pika Nogavi\u010dka je zabaven in barvit, odli\u010den za vse ljubitelje tega priljubljenega junaka. Izdelan je s strani priznane znamke Ciao, ki proizvaja originalne licen\u010dne in izredno kakovostne kostume. Zajema vse potrebne detajle, da bo va\u0161 otrok videti kot prava Pika Nogavi\u010dka, vklju\u010dena je tudi lasulja za popoln videz.<\/p>","protected":false},"excerpt":{"rendered":"<p>Kostum Pika Nogavi\u010dka je zabaven in barvit, odli\u010den za vse ljubitelje tega priljubljenega junaka. Izdelan je s strani priznane znamke Ciao, ki proizvaja originalne licen\u010dne in izredno kakovostne kostume. Zajema vse potrebne detajle, da bo va\u0161 otrok videti kot prava Pika Nogavi\u010dka, vklju\u010dena je tudi lasulja za popoln videz.<\/p>","protected":false},"featured_media":15920,"template":"","meta":[],"product_cat":[172,173],"product_tag":[199,196,231,189],"class_list":{"0":"post-15919","1":"product","2":"type-product","3":"status-publish","4":"has-post-thumbnail","6":"product_cat-kostumi","7":"product_cat-kostumi-za-otroke","8":"product_tag-modra","9":"product_tag-otroci","10":"product_tag-pika-nogavicka","11":"product_tag-rdeca","13":"first","14":"outofstock","15":"taxable","16":"shipping-taxable","17":"purchasable","18":"product-type-variable"},"_links":{"self":[{"href":"https:\/\/maskara.si\/hr\/wp-json\/wp\/v2\/product\/15919","targetHints":{"allow":["GET"]}}],"collection":[{"href":"https:\/\/maskara.si\/hr\/wp-json\/wp\/v2\/product"}],"about":[{"href":"https:\/\/maskara.si\/hr\/wp-json\/wp\/v2\/types\/product"}],"wp:featuredmedia":[{"embeddable":true,"href":"https:\/\/maskara.si\/hr\/wp-json\/wp\/v2\/media\/15920"}],"wp:attachment":[{"href":"https:\/\/maskara.si\/hr\/wp-json\/wp\/v2\/media?parent=15919"}],"wp:term":[{"taxonomy":"product_cat","embeddable":true,"href":"https:\/\/maskara.si\/hr\/wp-json\/wp\/v2\/product_cat?post=15919"},{"taxonomy":"product_tag","embeddable":true,"href":"https:\/\/maskara.si\/hr\/wp-json\/wp\/v2\/product_tag?post=15919"}],"curies":[{"name":"wp","href":"https:\/\/api.w.org\/{rel}","templated":true}]}}