{"id":15923,"date":"2025-01-12T13:40:36","date_gmt":"2025-01-12T13:40:36","guid":{"rendered":"https:\/\/maskara.si\/?post_type=product&#038;p=15923"},"modified":"2025-02-24T12:52:36","modified_gmt":"2025-02-24T12:52:36","slug":"otroski-pustni-kostum-wednesday","status":"publish","type":"product","link":"https:\/\/maskara.si\/hr\/product\/otroski-pustni-kostum-wednesday\/","title":{"rendered":"Otro\u0161ki pustni kostum Wednesday"},"content":{"rendered":"<p>Kostum Wednesday iz Addams Family je temen in eleganten, popoln za ljubitelje tega kultnega filma. Izdelan je s strani priznane znamke Ciao, ki proizvaja originalne licen\u010dne in izredno kakovostne kostume. Kostum vklju\u010duje \u010drno obleko z zna\u010dilnimi detajli in lasuljo, ki zagotovi popoln videz Wednesday Addams. Idealno za pustno zabavo ali tematski dogodek.<\/p>","protected":false},"excerpt":{"rendered":"<p>Kostum Wednesday iz Addams Family je temen in eleganten, popoln za ljubitelje tega kultnega filma. Izdelan je s strani priznane znamke Ciao, ki proizvaja originalne licen\u010dne in izredno kakovostne kostume. Kostum vklju\u010duje \u010drno obleko z zna\u010dilnimi detajli in lasuljo, ki zagotovi popoln videz Wednesday Addams. Idealno za pustno zabavo ali tematski dogodek.<\/p>","protected":false},"featured_media":15924,"template":"","meta":[],"product_cat":[172,173],"product_tag":[218,196,380],"class_list":{"0":"post-15923","1":"product","2":"type-product","3":"status-publish","4":"has-post-thumbnail","6":"product_cat-kostumi","7":"product_cat-kostumi-za-otroke","8":"product_tag-crna","9":"product_tag-otroci","10":"product_tag-wednesday","12":"first","13":"outofstock","14":"taxable","15":"shipping-taxable","16":"purchasable","17":"product-type-variable"},"_links":{"self":[{"href":"https:\/\/maskara.si\/hr\/wp-json\/wp\/v2\/product\/15923","targetHints":{"allow":["GET"]}}],"collection":[{"href":"https:\/\/maskara.si\/hr\/wp-json\/wp\/v2\/product"}],"about":[{"href":"https:\/\/maskara.si\/hr\/wp-json\/wp\/v2\/types\/product"}],"wp:featuredmedia":[{"embeddable":true,"href":"https:\/\/maskara.si\/hr\/wp-json\/wp\/v2\/media\/15924"}],"wp:attachment":[{"href":"https:\/\/maskara.si\/hr\/wp-json\/wp\/v2\/media?parent=15923"}],"wp:term":[{"taxonomy":"product_cat","embeddable":true,"href":"https:\/\/maskara.si\/hr\/wp-json\/wp\/v2\/product_cat?post=15923"},{"taxonomy":"product_tag","embeddable":true,"href":"https:\/\/maskara.si\/hr\/wp-json\/wp\/v2\/product_tag?post=15923"}],"curies":[{"name":"wp","href":"https:\/\/api.w.org\/{rel}","templated":true}]}}