{"id":15928,"date":"2025-01-12T15:49:56","date_gmt":"2025-01-12T15:49:56","guid":{"rendered":"https:\/\/maskara.si\/?post_type=product&#038;p=15928"},"modified":"2025-02-24T12:52:28","modified_gmt":"2025-02-24T12:52:28","slug":"otroski-pustni-kostum-hermiona","status":"publish","type":"product","link":"https:\/\/maskara.si\/hr\/product\/otroski-pustni-kostum-hermiona\/","title":{"rendered":"Otro\u0161ki pustni kostum Hermiona"},"content":{"rendered":"<p>Kostum Hermione iz Harry Potterja je popolna izbira za vse obo\u017eevalce te legendarne \u010darovni\u0161ke sage. Izdelan je pod okriljem priznane znamke Ciao, ki slovi po svojih originalnih licen\u010dnih in izredno kakovostnih kostumih. Z zna\u010dilnim slogom Hermione bo va\u0161 otrok zasijal kot najbolj\u0161a \u010darovni\u0161ka u\u010denka Bradavi\u010darke.<\/p>","protected":false},"excerpt":{"rendered":"<p>Kostum Hermione iz Harry Potterja je popolna izbira za vse obo\u017eevalce te legendarne \u010darovni\u0161ke sage. Izdelan je pod okriljem priznane znamke Ciao, ki slovi po svojih originalnih licen\u010dnih in izredno kakovostnih kostumih. Z zna\u010dilnim slogom Hermione bo va\u0161 otrok zasijal kot najbolj\u0161a \u010darovni\u0161ka u\u010denka Bradavi\u010darke.<\/p>","protected":false},"featured_media":15929,"template":"","meta":[],"product_cat":[172,173],"product_tag":[218,383,382,196],"class_list":{"0":"post-15928","1":"product","2":"type-product","3":"status-publish","4":"has-post-thumbnail","6":"product_cat-kostumi","7":"product_cat-kostumi-za-otroke","8":"product_tag-crna","9":"product_tag-harry-potter","10":"product_tag-hermiona","11":"product_tag-otroci","13":"first","14":"outofstock","15":"taxable","16":"shipping-taxable","17":"purchasable","18":"product-type-variable"},"_links":{"self":[{"href":"https:\/\/maskara.si\/hr\/wp-json\/wp\/v2\/product\/15928","targetHints":{"allow":["GET"]}}],"collection":[{"href":"https:\/\/maskara.si\/hr\/wp-json\/wp\/v2\/product"}],"about":[{"href":"https:\/\/maskara.si\/hr\/wp-json\/wp\/v2\/types\/product"}],"wp:featuredmedia":[{"embeddable":true,"href":"https:\/\/maskara.si\/hr\/wp-json\/wp\/v2\/media\/15929"}],"wp:attachment":[{"href":"https:\/\/maskara.si\/hr\/wp-json\/wp\/v2\/media?parent=15928"}],"wp:term":[{"taxonomy":"product_cat","embeddable":true,"href":"https:\/\/maskara.si\/hr\/wp-json\/wp\/v2\/product_cat?post=15928"},{"taxonomy":"product_tag","embeddable":true,"href":"https:\/\/maskara.si\/hr\/wp-json\/wp\/v2\/product_tag?post=15928"}],"curies":[{"name":"wp","href":"https:\/\/api.w.org\/{rel}","templated":true}]}}