{"id":15933,"date":"2025-01-12T15:56:17","date_gmt":"2025-01-12T15:56:17","guid":{"rendered":"https:\/\/maskara.si\/?post_type=product&#038;p=15933"},"modified":"2025-02-24T12:52:08","modified_gmt":"2025-02-24T12:52:08","slug":"otroski-pustni-kostum-catwomen","status":"publish","type":"product","link":"https:\/\/maskara.si\/hr\/product\/otroski-pustni-kostum-catwomen\/","title":{"rendered":"Otro\u0161ki pustni kostum Catwomen"},"content":{"rendered":"<p>Kostum Catwoman je odli\u010dna izbira za vse ljubitelje ikoni\u010dne mojstrice ma\u010djih gibov in neustavljive elegance. Pod znamko Ciao, ki slovi po originalnih licen\u010dnih in izredno kakovostnih kostumih, ta preobleka zdru\u017euje skrivnostnost in mo\u010d te legendarne junakinje.<\/p>","protected":false},"excerpt":{"rendered":"<p>Kostum Catwoman je odli\u010dna izbira za vse ljubitelje ikoni\u010dne mojstrice ma\u010djih gibov in neustavljive elegance. Pod znamko Ciao, ki slovi po originalnih licen\u010dnih in izredno kakovostnih kostumih, ta preobleka zdru\u017euje skrivnostnost in mo\u010d te legendarne junakinje.<\/p>","protected":false},"featured_media":15934,"template":"","meta":[],"product_cat":[172,173],"product_tag":[385,218,196],"class_list":{"0":"post-15933","1":"product","2":"type-product","3":"status-publish","4":"has-post-thumbnail","6":"product_cat-kostumi","7":"product_cat-kostumi-za-otroke","8":"product_tag-catwomen","9":"product_tag-crna","10":"product_tag-otroci","12":"first","13":"outofstock","14":"taxable","15":"shipping-taxable","16":"purchasable","17":"product-type-variable"},"_links":{"self":[{"href":"https:\/\/maskara.si\/hr\/wp-json\/wp\/v2\/product\/15933","targetHints":{"allow":["GET"]}}],"collection":[{"href":"https:\/\/maskara.si\/hr\/wp-json\/wp\/v2\/product"}],"about":[{"href":"https:\/\/maskara.si\/hr\/wp-json\/wp\/v2\/types\/product"}],"wp:featuredmedia":[{"embeddable":true,"href":"https:\/\/maskara.si\/hr\/wp-json\/wp\/v2\/media\/15934"}],"wp:attachment":[{"href":"https:\/\/maskara.si\/hr\/wp-json\/wp\/v2\/media?parent=15933"}],"wp:term":[{"taxonomy":"product_cat","embeddable":true,"href":"https:\/\/maskara.si\/hr\/wp-json\/wp\/v2\/product_cat?post=15933"},{"taxonomy":"product_tag","embeddable":true,"href":"https:\/\/maskara.si\/hr\/wp-json\/wp\/v2\/product_tag?post=15933"}],"curies":[{"name":"wp","href":"https:\/\/api.w.org\/{rel}","templated":true}]}}