{"id":15939,"date":"2025-01-12T16:03:19","date_gmt":"2025-01-12T16:03:19","guid":{"rendered":"https:\/\/maskara.si\/?post_type=product&#038;p=15939"},"modified":"2025-02-24T12:52:02","modified_gmt":"2025-02-24T12:52:02","slug":"otroski-pustni-kostum-supergirl","status":"publish","type":"product","link":"https:\/\/maskara.si\/hr\/product\/otroski-pustni-kostum-supergirl\/","title":{"rendered":"Otro\u0161ki pustni kostum Supergirl"},"content":{"rendered":"<p>Kostum Supergirl, ki ga ponuja priznana znamka Ciao, zdru\u017euje kakovost in avtenti\u010dnost. Preobleka prikazuje pogumno junakinjo z izjemnimi mo\u010dmi, ki je znana kot Supermanova sestri\u010dna in za\u0161\u010ditnica pravi\u010dnosti. Odli\u010dna izbira za vse mlade navdu\u0161enke nad superjunaki!<\/p>","protected":false},"excerpt":{"rendered":"<p>Kostum Supergirl, ki ga ponuja priznana znamka Ciao, zdru\u017euje kakovost in avtenti\u010dnost. Preobleka prikazuje pogumno junakinjo z izjemnimi mo\u010dmi, ki je znana kot Supermanova sestri\u010dna in za\u0161\u010ditnica pravi\u010dnosti. Odli\u010dna izbira za vse mlade navdu\u0161enke nad superjunaki!<\/p>","protected":false},"featured_media":15940,"template":"","meta":[],"product_cat":[172,173],"product_tag":[199,196,189,386],"class_list":{"0":"post-15939","1":"product","2":"type-product","3":"status-publish","4":"has-post-thumbnail","6":"product_cat-kostumi","7":"product_cat-kostumi-za-otroke","8":"product_tag-modra","9":"product_tag-otroci","10":"product_tag-rdeca","11":"product_tag-supergirl","13":"first","14":"outofstock","15":"taxable","16":"shipping-taxable","17":"purchasable","18":"product-type-variable"},"_links":{"self":[{"href":"https:\/\/maskara.si\/hr\/wp-json\/wp\/v2\/product\/15939","targetHints":{"allow":["GET"]}}],"collection":[{"href":"https:\/\/maskara.si\/hr\/wp-json\/wp\/v2\/product"}],"about":[{"href":"https:\/\/maskara.si\/hr\/wp-json\/wp\/v2\/types\/product"}],"wp:featuredmedia":[{"embeddable":true,"href":"https:\/\/maskara.si\/hr\/wp-json\/wp\/v2\/media\/15940"}],"wp:attachment":[{"href":"https:\/\/maskara.si\/hr\/wp-json\/wp\/v2\/media?parent=15939"}],"wp:term":[{"taxonomy":"product_cat","embeddable":true,"href":"https:\/\/maskara.si\/hr\/wp-json\/wp\/v2\/product_cat?post=15939"},{"taxonomy":"product_tag","embeddable":true,"href":"https:\/\/maskara.si\/hr\/wp-json\/wp\/v2\/product_tag?post=15939"}],"curies":[{"name":"wp","href":"https:\/\/api.w.org\/{rel}","templated":true}]}}