{"id":15951,"date":"2025-01-12T16:14:03","date_gmt":"2025-01-12T16:14:03","guid":{"rendered":"https:\/\/maskara.si\/?post_type=product&#038;p=15951"},"modified":"2025-02-24T12:51:49","modified_gmt":"2025-02-24T12:51:49","slug":"otroski-pustni-kostum-wonder-women","status":"publish","type":"product","link":"https:\/\/maskara.si\/hr\/product\/otroski-pustni-kostum-wonder-women\/","title":{"rendered":"Otro\u0161ki pustni kostum Wonder Women"},"content":{"rendered":"<p>Kostum Wonder Woman, iz priznanega podjetja Ciao, ki proizvaja originalne licen\u010dne in vrhunske kostume, predstavlja ikoni\u010dno junakinjo iz sveta DC. Preobleka mo\u010d in pogum zdru\u017euje v popolno izbiro za vse, ki \u017eelijo izstopati kot neustavljiva bojevnica!<\/p>","protected":false},"excerpt":{"rendered":"<p>Kostum Wonder Woman, iz priznanega podjetja Ciao, ki proizvaja originalne licen\u010dne in vrhunske kostume, predstavlja ikoni\u010dno junakinjo iz sveta DC. Preobleka mo\u010d in pogum zdru\u017euje v popolno izbiro za vse, ki \u017eelijo izstopati kot neustavljiva bojevnica!<\/p>","protected":false},"featured_media":15952,"template":"","meta":[],"product_cat":[172,173],"product_tag":[199,196,189,388],"class_list":{"0":"post-15951","1":"product","2":"type-product","3":"status-publish","4":"has-post-thumbnail","6":"product_cat-kostumi","7":"product_cat-kostumi-za-otroke","8":"product_tag-modra","9":"product_tag-otroci","10":"product_tag-rdeca","11":"product_tag-wonder-women","13":"first","14":"outofstock","15":"taxable","16":"shipping-taxable","17":"purchasable","18":"product-type-variable"},"_links":{"self":[{"href":"https:\/\/maskara.si\/hr\/wp-json\/wp\/v2\/product\/15951","targetHints":{"allow":["GET"]}}],"collection":[{"href":"https:\/\/maskara.si\/hr\/wp-json\/wp\/v2\/product"}],"about":[{"href":"https:\/\/maskara.si\/hr\/wp-json\/wp\/v2\/types\/product"}],"wp:featuredmedia":[{"embeddable":true,"href":"https:\/\/maskara.si\/hr\/wp-json\/wp\/v2\/media\/15952"}],"wp:attachment":[{"href":"https:\/\/maskara.si\/hr\/wp-json\/wp\/v2\/media?parent=15951"}],"wp:term":[{"taxonomy":"product_cat","embeddable":true,"href":"https:\/\/maskara.si\/hr\/wp-json\/wp\/v2\/product_cat?post=15951"},{"taxonomy":"product_tag","embeddable":true,"href":"https:\/\/maskara.si\/hr\/wp-json\/wp\/v2\/product_tag?post=15951"}],"curies":[{"name":"wp","href":"https:\/\/api.w.org\/{rel}","templated":true}]}}