{"id":15957,"date":"2025-01-12T16:24:54","date_gmt":"2025-01-12T16:24:54","guid":{"rendered":"https:\/\/maskara.si\/?post_type=product&#038;p=15957"},"modified":"2025-02-24T12:51:33","modified_gmt":"2025-02-24T12:51:33","slug":"otroski-pustni-kostum-harley-quinn-dc","status":"publish","type":"product","link":"https:\/\/maskara.si\/hr\/product\/otroski-pustni-kostum-harley-quinn-dc\/","title":{"rendered":"Otro\u0161ki pustni kostum Harley Quinn DC"},"content":{"rendered":"<p>Kostum Harley Quinn, ustvarjen pod okriljem priznanega podjetja Ciao, ki slovi po originalnih licen\u010dnih in visokokakovostnih kostumih, vas popelje v svet drznosti in kaosa. Preobleka je kot nala\u0161\u010d za vse obo\u017eevalke te ikoni\u010dne anti-junakinje iz DC vesolja!<\/p>","protected":false},"excerpt":{"rendered":"<p>Kostum Harley Quinn, ustvarjen pod okriljem priznanega podjetja Ciao, ki slovi po originalnih licen\u010dnih in visokokakovostnih kostumih, vas popelje v svet drznosti in kaosa. Preobleka je kot nala\u0161\u010d za vse obo\u017eevalke te ikoni\u010dne anti-junakinje iz DC vesolja!<\/p>","protected":false},"featured_media":15958,"template":"","meta":[],"product_cat":[172,173],"product_tag":[218,389,196,189],"class_list":{"0":"post-15957","1":"product","2":"type-product","3":"status-publish","4":"has-post-thumbnail","6":"product_cat-kostumi","7":"product_cat-kostumi-za-otroke","8":"product_tag-crna","9":"product_tag-harley-quinn","10":"product_tag-otroci","11":"product_tag-rdeca","13":"first","14":"outofstock","15":"taxable","16":"shipping-taxable","17":"purchasable","18":"product-type-variable"},"_links":{"self":[{"href":"https:\/\/maskara.si\/hr\/wp-json\/wp\/v2\/product\/15957","targetHints":{"allow":["GET"]}}],"collection":[{"href":"https:\/\/maskara.si\/hr\/wp-json\/wp\/v2\/product"}],"about":[{"href":"https:\/\/maskara.si\/hr\/wp-json\/wp\/v2\/types\/product"}],"wp:featuredmedia":[{"embeddable":true,"href":"https:\/\/maskara.si\/hr\/wp-json\/wp\/v2\/media\/15958"}],"wp:attachment":[{"href":"https:\/\/maskara.si\/hr\/wp-json\/wp\/v2\/media?parent=15957"}],"wp:term":[{"taxonomy":"product_cat","embeddable":true,"href":"https:\/\/maskara.si\/hr\/wp-json\/wp\/v2\/product_cat?post=15957"},{"taxonomy":"product_tag","embeddable":true,"href":"https:\/\/maskara.si\/hr\/wp-json\/wp\/v2\/product_tag?post=15957"}],"curies":[{"name":"wp","href":"https:\/\/api.w.org\/{rel}","templated":true}]}}